{"id":12,"date":"2016-07-05T17:36:43","date_gmt":"2016-07-05T17:36:43","guid":{"rendered":"http:\/\/asesoriasdye.com.co\/asesorias\/?page_id=12"},"modified":"2022-02-03T21:13:03","modified_gmt":"2022-02-03T21:13:03","slug":"servicios","status":"publish","type":"page","link":"https:\/\/asesoriasdye.com.co\/asesorias\/servicios\/","title":{"rendered":"SERVICIOS"},"content":{"rendered":"<p>[vc_row][vc_column][vc_column_text]<\/p>\n<p style=\"text-align: center;\">[metaslider id=68]<\/p>\n<p>&nbsp;<\/p>\n<h3 style=\"text-align: center;\"><span style=\"color: #ff0000;\"><b><i>Contribuyentes\u00a0<\/i><\/b><b><i>Obligados\u00a0<\/i><\/b><b><i>a presentar\u00a0<\/i><\/b><b><i>declaraci\u00f3n de Renta a\u00f1o 2017<\/i><\/b><\/span><\/h3>\n<p style=\"text-align: justify;\"><span style=\"color: #000000;\"><em>Sin importar el tipo de ingresos que recibe la persona natural, clasificada en 5 categor\u00edas, denominadas c\u00e9dulas: Rentas de trabajo \u2013 Rentas de pensiones \u2013 Rentas no laborales \u2013 Rentas de capital y Rentas de dividendos y participaciones; quedan obligados a declarar renta si durante el a\u00f1o gravable 2017 fueron responsables de IVA en el r\u00e9gimen com\u00fan y adicionalmente cumplen con uno de los siguientes cinco (5) requisitos:<\/em><\/span><\/p>\n<p><img loading=\"lazy\" decoding=\"async\" class=\" wp-image-407 aligncenter\" src=\"http:\/\/asesoriasdye.com.co\/asesorias\/wp-content\/uploads\/2016\/07\/renta-2017-300x225.jpg\" alt=\"renta 2017\" width=\"696\" height=\"522\" srcset=\"https:\/\/asesoriasdye.com.co\/asesorias\/wp-content\/uploads\/2016\/07\/renta-2017-300x225.jpg 300w, https:\/\/asesoriasdye.com.co\/asesorias\/wp-content\/uploads\/2016\/07\/renta-2017-600x450.jpg 600w, https:\/\/asesoriasdye.com.co\/asesorias\/wp-content\/uploads\/2016\/07\/renta-2017-768x576.jpg 768w, https:\/\/asesoriasdye.com.co\/asesorias\/wp-content\/uploads\/2016\/07\/renta-2017.jpg 960w\" sizes=\"auto, (max-width: 696px) 100vw, 696px\" \/><\/p>\n<p>&nbsp;<\/p>\n<p>[\/vc_column_text][\/vc_column][\/vc_row]<\/p>\n","protected":false},"excerpt":{"rendered":"<p>[vc_row][vc_column][vc_column_text] [metaslider id=68] &nbsp; Contribuyentes\u00a0Obligados\u00a0a presentar\u00a0declaraci\u00f3n de Renta a\u00f1o 2017 Sin importar el tipo de ingresos que recibe la persona natural, clasificada en 5 categor\u00edas, denominadas c\u00e9dulas: Rentas de trabajo \u2013 Rentas de pensiones \u2013 Rentas no laborales \u2013 Rentas de capital y Rentas de dividendos y participaciones; quedan obligados a declarar renta si durante&hellip;<\/p>\n","protected":false},"author":9,"featured_media":0,"parent":0,"menu_order":0,"comment_status":"closed","ping_status":"closed","template":"","meta":{"_joinchat":[]},"class_list":["post-12","page","type-page","status-publish","hentry","description-off"],"_links":{"self":[{"href":"https:\/\/asesoriasdye.com.co\/asesorias\/wp-json\/wp\/v2\/pages\/12","targetHints":{"allow":["GET"]}}],"collection":[{"href":"https:\/\/asesoriasdye.com.co\/asesorias\/wp-json\/wp\/v2\/pages"}],"about":[{"href":"https:\/\/asesoriasdye.com.co\/asesorias\/wp-json\/wp\/v2\/types\/page"}],"author":[{"embeddable":true,"href":"https:\/\/asesoriasdye.com.co\/asesorias\/wp-json\/wp\/v2\/users\/9"}],"replies":[{"embeddable":true,"href":"https:\/\/asesoriasdye.com.co\/asesorias\/wp-json\/wp\/v2\/comments?post=12"}],"version-history":[{"count":8,"href":"https:\/\/asesoriasdye.com.co\/asesorias\/wp-json\/wp\/v2\/pages\/12\/revisions"}],"predecessor-version":[{"id":562,"href":"https:\/\/asesoriasdye.com.co\/asesorias\/wp-json\/wp\/v2\/pages\/12\/revisions\/562"}],"wp:attachment":[{"href":"https:\/\/asesoriasdye.com.co\/asesorias\/wp-json\/wp\/v2\/media?parent=12"}],"curies":[{"name":"wp","href":"https:\/\/api.w.org\/{rel}","templated":true}]}}