{"id":137,"date":"2016-07-07T19:58:24","date_gmt":"2016-07-07T19:58:24","guid":{"rendered":"http:\/\/asesoriasdye.com.co\/asesorias\/?page_id=137"},"modified":"2022-05-28T19:34:51","modified_gmt":"2022-05-28T19:34:51","slug":"inicio","status":"publish","type":"page","link":"https:\/\/asesoriasdye.com.co\/asesorias\/","title":{"rendered":"Inicio"},"content":{"rendered":"<p>[vc_row full_width=\u00bbstretch_row\u00bb content_placement=\u00bbmiddle\u00bb css_animation=\u00bbbounceInLeft\u00bb css=\u00bb.vc_custom_1653762426726{margin-top: -70px !important;background-color: #5091b9 !important;}\u00bb][vc_column width=\u00bb1\/3&#8243;][vc_column_text]<\/p>\n<h3 style=\"text-align: center;\"><span style=\"color: #ffffff;\">Servicio de Outsourcing<\/span><\/h3>\n<p>[\/vc_column_text][vc_btn title=\u00bbCLICK AQUI\u00bb color=\u00bbinverse\u00bb size=\u00bblg\u00bb align=\u00bbcenter\u00bb link=\u00bburl:https%3A%2F%2Fasesoriasdye.com.co%2Fasesorias%2Fservicio-de-outsourcing%2F|target:_blank\u00bb][\/vc_column][vc_column width=\u00bb2\/3&#8243;][vc_column_text]<img loading=\"lazy\" decoding=\"async\" class=\"size-full wp-image-700 alignright\" src=\"https:\/\/asesoriasdye.com.co\/asesorias\/wp-content\/uploads\/2022\/05\/outsourcing-glosario-workana-850x400-1.jpg\" alt=\"\" width=\"850\" height=\"400\" srcset=\"https:\/\/asesoriasdye.com.co\/asesorias\/wp-content\/uploads\/2022\/05\/outsourcing-glosario-workana-850x400-1.jpg 850w, https:\/\/asesoriasdye.com.co\/asesorias\/wp-content\/uploads\/2022\/05\/outsourcing-glosario-workana-850x400-1-300x141.jpg 300w, https:\/\/asesoriasdye.com.co\/asesorias\/wp-content\/uploads\/2022\/05\/outsourcing-glosario-workana-850x400-1-768x361.jpg 768w, https:\/\/asesoriasdye.com.co\/asesorias\/wp-content\/uploads\/2022\/05\/outsourcing-glosario-workana-850x400-1-600x282.jpg 600w\" sizes=\"auto, (max-width: 850px) 100vw, 850px\" \/>[\/vc_column_text][\/vc_column][\/vc_row][vc_row full_width=\u00bbstretch_row\u00bb css=\u00bb.vc_custom_1651617295916{margin-top: -70px !important;}\u00bb][vc_column]\n\t\t\t<!-- START sliderpiemse1 REVOLUTION SLIDER 6.4.11 --><p class=\"rs-p-wp-fix\"><\/p>\n\t\t\t<rs-module-wrap id=\"rev_slider_3_1_wrapper\" data-source=\"gallery\" style=\"background:transparent;padding:0;margin:0px auto;margin-top:0;margin-bottom:0;\">\n\t\t\t\t<rs-module id=\"rev_slider_3_1\" style=\"\" data-version=\"6.4.11\">\n\t\t\t\t\t<rs-slides>\n\t\t\t\t\t\t<rs-slide data-key=\"rs-3\" data-title=\"Slide\" data-in=\"o:0;\" data-out=\"a:false;\">\n\t\t\t\t\t\t\t<img loading=\"lazy\" decoding=\"async\" src=\"\/\/asesoriasdye.com.co\/asesorias\/wp-content\/uploads\/2022\/05\/banner2.jpg\" title=\"banner2\" width=\"1900\" height=\"700\" class=\"rev-slidebg tp-rs-img\" data-parallax=\"off\" data-panzoom=\"d:10000;ss:100;se:120;\" data-no-retina>\n<!--\n\t\t\t\t\t\t\t--><a\n\t\t\t\t\t\t\t\tid=\"slider-3-slide-3-layer-3\" \n\t\t\t\t\t\t\t\tclass=\"rs-layer rev-btn\"\n\t\t\t\t\t\t\t\thref=\"https:\/\/app1.claus.co\/clauserp\/ingresar\/\" target=\"_blank\" rel=\"noopener\"\n\t\t\t\t\t\t\t\tdata-type=\"button\"\n\t\t\t\t\t\t\t\tdata-rsp_ch=\"on\"\n\t\t\t\t\t\t\t\tdata-xy=\"x:c;yo:455px;\"\n\t\t\t\t\t\t\t\tdata-text=\"w:normal;s:26;l:30;ls:2;\"\n\t\t\t\t\t\t\t\tdata-dim=\"minh:0,none,none,none;\"\n\t\t\t\t\t\t\t\tdata-padding=\"t:18;r:53;b:18;l:53;\"\n\t\t\t\t\t\t\t\tdata-border=\"bor:30px,30px,30px,30px;\"\n\t\t\t\t\t\t\t\tdata-frame_999=\"o:0;st:w;\"\n\t\t\t\t\t\t\t\tdata-frame_hover=\"c:#000;bgc:#fff;bor:30px,30px,30px,30px;sp:200;\"\n\t\t\t\t\t\t\t\tstyle=\"z-index:8;background-color:#ff3a2d;font-family:Roboto;text-transform:uppercase;\"\n\t\t\t\t\t\t\t>Clic AQUI <i class=\"fa-chevron-right\"><\/i> \n\t\t\t\t\t\t\t<\/a><!--\n\n\t\t\t\t\t\t\t--><rs-layer\n\t\t\t\t\t\t\t\tid=\"slider-3-slide-3-layer-4\" \n\t\t\t\t\t\t\t\tdata-type=\"text\"\n\t\t\t\t\t\t\t\tdata-color=\"#000000\"\n\t\t\t\t\t\t\t\tdata-rsp_ch=\"on\"\n\t\t\t\t\t\t\t\tdata-xy=\"x:c;xo:1px;yo:410px;\"\n\t\t\t\t\t\t\t\tdata-text=\"w:normal;s:28;l:31;ls:1;fw:500;\"\n\t\t\t\t\t\t\t\tdata-dim=\"minh:0,none,none,none;\"\n\t\t\t\t\t\t\t\tdata-frame_999=\"o:0;st:w;\"\n\t\t\t\t\t\t\t\tstyle=\"z-index:10;font-family:Roboto;\"\n\t\t\t\t\t\t\t>Software contable \n\t\t\t\t\t\t\t<\/rs-layer><!--\n\n\t\t\t\t\t\t\t--><rs-layer\n\t\t\t\t\t\t\t\tid=\"slider-3-slide-3-layer-11\" \n\t\t\t\t\t\t\t\tdata-type=\"shape\"\n\t\t\t\t\t\t\t\tdata-rsp_ch=\"on\"\n\t\t\t\t\t\t\t\tdata-xy=\"x:c;yo:405px;\"\n\t\t\t\t\t\t\t\tdata-text=\"w:normal;\"\n\t\t\t\t\t\t\t\tdata-dim=\"w:457px;h:40px;\"\n\t\t\t\t\t\t\t\tdata-frame_999=\"o:0;st:w;\"\n\t\t\t\t\t\t\t\tstyle=\"z-index:9;background-color:#ffffff;\"\n\t\t\t\t\t\t\t> \n\t\t\t\t\t\t\t<\/rs-layer><!--\n-->\t\t\t\t\t\t<\/rs-slide>\n\t\t\t\t\t\t<rs-slide data-key=\"rs-4\" data-title=\"Slide\" data-in=\"o:0;\" data-out=\"a:false;\">\n\t\t\t\t\t\t\t<img loading=\"lazy\" decoding=\"async\" src=\"\/\/asesoriasdye.com.co\/asesorias\/wp-content\/uploads\/2022\/05\/banner1.jpg\" title=\"banner1\" width=\"1900\" height=\"700\" class=\"rev-slidebg tp-rs-img\" data-parallax=\"off\" data-panzoom=\"d:10000;ss:100;se:120;\" data-no-retina>\n<!--\n\t\t\t\t\t\t\t--><rs-layer\n\t\t\t\t\t\t\t\tid=\"slider-3-slide-4-layer-5\" \n\t\t\t\t\t\t\t\tdata-type=\"text\"\n\t\t\t\t\t\t\t\tdata-color=\"#000000\"\n\t\t\t\t\t\t\t\tdata-rsp_ch=\"on\"\n\t\t\t\t\t\t\t\tdata-xy=\"x:c;yo:410px;\"\n\t\t\t\t\t\t\t\tdata-text=\"w:normal;s:28;l:31;ls:1;fw:500;\"\n\t\t\t\t\t\t\t\tdata-dim=\"minh:0,none,none,none;\"\n\t\t\t\t\t\t\t\tdata-frame_999=\"o:0;st:w;\"\n\t\t\t\t\t\t\t\tstyle=\"z-index:10;font-family:Roboto;\"\n\t\t\t\t\t\t\t>Software contable \n\t\t\t\t\t\t\t<\/rs-layer><!--\n\n\t\t\t\t\t\t\t--><a\n\t\t\t\t\t\t\t\tid=\"slider-3-slide-4-layer-6\" \n\t\t\t\t\t\t\t\tclass=\"rs-layer rev-btn\"\n\t\t\t\t\t\t\t\thref=\"https:\/\/app1.claus.co\/clauserp\/ingresar\/\" target=\"_blank\" rel=\"noopener\"\n\t\t\t\t\t\t\t\tdata-type=\"button\"\n\t\t\t\t\t\t\t\tdata-rsp_ch=\"on\"\n\t\t\t\t\t\t\t\tdata-xy=\"x:c;yo:455px;\"\n\t\t\t\t\t\t\t\tdata-text=\"w:normal;s:26;l:30;ls:2;\"\n\t\t\t\t\t\t\t\tdata-dim=\"minh:0,none,none,none;\"\n\t\t\t\t\t\t\t\tdata-padding=\"t:18;r:53;b:18;l:53;\"\n\t\t\t\t\t\t\t\tdata-border=\"bor:30px,30px,30px,30px;\"\n\t\t\t\t\t\t\t\tdata-frame_999=\"o:0;st:w;\"\n\t\t\t\t\t\t\t\tdata-frame_hover=\"c:#000;bgc:#fff;bor:30px,30px,30px,30px;sp:200;\"\n\t\t\t\t\t\t\t\tstyle=\"z-index:8;background-color:#ff3a2d;font-family:Roboto;text-transform:uppercase;\"\n\t\t\t\t\t\t\t>Clic AQUI <i class=\"fa-chevron-right\"><\/i> \n\t\t\t\t\t\t\t<\/a><!--\n\n\t\t\t\t\t\t\t--><rs-layer\n\t\t\t\t\t\t\t\tid=\"slider-3-slide-4-layer-7\" \n\t\t\t\t\t\t\t\tdata-type=\"shape\"\n\t\t\t\t\t\t\t\tdata-rsp_ch=\"on\"\n\t\t\t\t\t\t\t\tdata-xy=\"x:c;yo:405px;\"\n\t\t\t\t\t\t\t\tdata-text=\"w:normal;\"\n\t\t\t\t\t\t\t\tdata-dim=\"w:457px;h:40px;\"\n\t\t\t\t\t\t\t\tdata-frame_999=\"o:0;st:w;\"\n\t\t\t\t\t\t\t\tstyle=\"z-index:9;background-color:#ffffff;\"\n\t\t\t\t\t\t\t> \n\t\t\t\t\t\t\t<\/rs-layer><!--\n-->\t\t\t\t\t\t<\/rs-slide>\n\t\t\t\t\t\t<rs-slide data-key=\"rs-5\" data-title=\"Slide\" data-in=\"o:0;\" data-out=\"a:false;\">\n\t\t\t\t\t\t\t<img loading=\"lazy\" decoding=\"async\" src=\"\/\/asesoriasdye.com.co\/asesorias\/wp-content\/uploads\/2022\/05\/banner3.jpg\" title=\"banner3\" width=\"1900\" height=\"700\" class=\"rev-slidebg tp-rs-img\" data-parallax=\"off\" data-panzoom=\"d:10000;ss:100;se:120;\" data-no-retina>\n<!--\n\t\t\t\t\t\t\t--><rs-layer\n\t\t\t\t\t\t\t\tid=\"slider-3-slide-5-layer-8\" \n\t\t\t\t\t\t\t\tdata-type=\"text\"\n\t\t\t\t\t\t\t\tdata-color=\"#000000\"\n\t\t\t\t\t\t\t\tdata-rsp_ch=\"on\"\n\t\t\t\t\t\t\t\tdata-xy=\"x:c;yo:410px;\"\n\t\t\t\t\t\t\t\tdata-text=\"w:normal;s:28;l:31;ls:1;fw:500;\"\n\t\t\t\t\t\t\t\tdata-dim=\"minh:0,none,none,none;\"\n\t\t\t\t\t\t\t\tdata-frame_999=\"o:0;st:w;\"\n\t\t\t\t\t\t\t\tstyle=\"z-index:10;font-family:Roboto;\"\n\t\t\t\t\t\t\t>Software contable \n\t\t\t\t\t\t\t<\/rs-layer><!--\n\n\t\t\t\t\t\t\t--><a\n\t\t\t\t\t\t\t\tid=\"slider-3-slide-5-layer-9\" \n\t\t\t\t\t\t\t\tclass=\"rs-layer rev-btn\"\n\t\t\t\t\t\t\t\thref=\"https:\/\/app1.claus.co\/clauserp\/ingresar\/\" target=\"_blank\" rel=\"noopener\"\n\t\t\t\t\t\t\t\tdata-type=\"button\"\n\t\t\t\t\t\t\t\tdata-rsp_ch=\"on\"\n\t\t\t\t\t\t\t\tdata-xy=\"x:c;yo:455px;\"\n\t\t\t\t\t\t\t\tdata-text=\"w:normal;s:26;l:30;ls:2;\"\n\t\t\t\t\t\t\t\tdata-dim=\"minh:0,none,none,none;\"\n\t\t\t\t\t\t\t\tdata-padding=\"t:18;r:53;b:18;l:53;\"\n\t\t\t\t\t\t\t\tdata-border=\"bor:30px,30px,30px,30px;\"\n\t\t\t\t\t\t\t\tdata-frame_999=\"o:0;st:w;\"\n\t\t\t\t\t\t\t\tdata-frame_hover=\"c:#000;bgc:#fff;bor:30px,30px,30px,30px;sp:200;\"\n\t\t\t\t\t\t\t\tstyle=\"z-index:8;background-color:#ff3a2d;font-family:Roboto;text-transform:uppercase;\"\n\t\t\t\t\t\t\t>Clic AQUI <i class=\"fa-chevron-right\"><\/i> \n\t\t\t\t\t\t\t<\/a><!--\n\n\t\t\t\t\t\t\t--><rs-layer\n\t\t\t\t\t\t\t\tid=\"slider-3-slide-5-layer-10\" \n\t\t\t\t\t\t\t\tdata-type=\"shape\"\n\t\t\t\t\t\t\t\tdata-rsp_ch=\"on\"\n\t\t\t\t\t\t\t\tdata-xy=\"x:c;yo:405px;\"\n\t\t\t\t\t\t\t\tdata-text=\"w:normal;\"\n\t\t\t\t\t\t\t\tdata-dim=\"w:457px;h:40px;\"\n\t\t\t\t\t\t\t\tdata-frame_999=\"o:0;st:w;\"\n\t\t\t\t\t\t\t\tstyle=\"z-index:9;background-color:#ffffff;\"\n\t\t\t\t\t\t\t> \n\t\t\t\t\t\t\t<\/rs-layer><!--\n-->\t\t\t\t\t\t<\/rs-slide>\n\t\t\t\t\t<\/rs-slides>\n\t\t\t\t<\/rs-module>\n\t\t\t\t<script type=\"text\/javascript\">\n\t\t\t\t\tsetREVStartSize({c: 'rev_slider_3_1',rl:[1240,1024,778,480],el:[700,500,500,500],gw:[1900,1900,1900,1900],gh:[700,700,700,700],type:'standard',justify:'',layout:'fullwidth',mh:\"0\"});\n\t\t\t\t\tvar\trevapi3,\n\t\t\t\t\t\ttpj;\n\t\t\t\t\tfunction revinit_revslider31() {\n\t\t\t\t\tjQuery(function() {\n\t\t\t\t\t\ttpj = jQuery;\n\t\t\t\t\t\trevapi3 = tpj(\"#rev_slider_3_1\");\n\t\t\t\t\t\tif(revapi3==undefined || revapi3.revolution == undefined){\n\t\t\t\t\t\t\trevslider_showDoubleJqueryError(\"rev_slider_3_1\");\n\t\t\t\t\t\t}else{\n\t\t\t\t\t\t\trevapi3.revolution({\n\t\t\t\t\t\t\t\tDPR:\"dpr\",\n\t\t\t\t\t\t\t\tsliderLayout:\"fullwidth\",\n\t\t\t\t\t\t\t\tduration:3000,\n\t\t\t\t\t\t\t\tvisibilityLevels:\"1240,1024,778,480\",\n\t\t\t\t\t\t\t\tgridwidth:\"1900,1900,1900,1900\",\n\t\t\t\t\t\t\t\tgridheight:\"700,700,700,700\",\n\t\t\t\t\t\t\t\tperspective:600,\n\t\t\t\t\t\t\t\tperspectiveType:\"local\",\n\t\t\t\t\t\t\t\teditorheight:\"700,500,500,500\",\n\t\t\t\t\t\t\t\tresponsiveLevels:\"1240,1024,778,480\",\n\t\t\t\t\t\t\t\tprogressBar:{disableProgressBar:true},\n\t\t\t\t\t\t\t\tnavigation: {\n\t\t\t\t\t\t\t\t\tmouseScrollNavigation:false,\n\t\t\t\t\t\t\t\t\twheelCallDelay:1000,\n\t\t\t\t\t\t\t\t\tonHoverStop:false,\n\t\t\t\t\t\t\t\t\ttouch: {\n\t\t\t\t\t\t\t\t\t\ttouchenabled:true,\n\t\t\t\t\t\t\t\t\t\tswipe_min_touches:50\n\t\t\t\t\t\t\t\t\t}\n\t\t\t\t\t\t\t\t},\n\t\t\t\t\t\t\t\tparallax: {\n\t\t\t\t\t\t\t\t\tlevels:[2,3,4,5,6,7,12,16,10,50,47,48,49,50,51,55],\n\t\t\t\t\t\t\t\t\ttype:\"mouse\",\n\t\t\t\t\t\t\t\t\torigo:\"slidercenter\",\n\t\t\t\t\t\t\t\t\tspeed:2000\n\t\t\t\t\t\t\t\t},\n\t\t\t\t\t\t\t\tfallbacks: {\n\t\t\t\t\t\t\t\t\tallowHTML5AutoPlayOnAndroid:true\n\t\t\t\t\t\t\t\t},\n\t\t\t\t\t\t\t});\n\t\t\t\t\t\t}\n\t\t\t\t\t\t\n\t\t\t\t\t});\n\t\t\t\t\t} \/\/ End of RevInitScript\n\t\t\t\tvar once_revslider31 = false;\n\t\t\t\tif (document.readyState === \"loading\") {document.addEventListener('readystatechange',function() { if((document.readyState === \"interactive\" || document.readyState === \"complete\") && !once_revslider31 ) { once_revslider31 = true; revinit_revslider31();}});} else {once_revslider31 = true; revinit_revslider31();}\n\t\t\t\t<\/script>\n\t\t\t<\/rs-module-wrap>\n\t\t\t<!-- END REVOLUTION SLIDER -->\n[\/vc_column][\/vc_row][vc_row css=\u00bb.vc_custom_1651617412781{margin-top: 40px !important;}\u00bb][vc_column][vc_column_text]<\/p>\n<h2 style=\"text-align: center;\">\u00bfYa sabes si te toca y cu\u00e1ndo tienes que declarar renta?<\/h2>\n<p>[\/vc_column_text][vc_row_inner][vc_column_inner width=\u00bb1\/2&#8243;][vc_column_text]<\/p>\n<h3 style=\"text-align: center;\">Averigua si debes declarar en 2022<\/h3>\n<p style=\"text-align: center;\">Contesta estas preguntas y te ayudamos a determinar si est\u00e1s obligado a presentar tu declaraci\u00f3n ante la DIAN de acuerdo los topes vigentes en 2022<\/p>\n<p>[\/vc_column_text][vc_btn title=\u00bbDebo declarar renta en 2022?\u00bb color=\u00bbjuicy-pink\u00bb align=\u00bbcenter\u00bb css_animation=\u00bbbounceIn\u00bb link=\u00bburl:https%3A%2F%2Fasesoriasdye.com.co%2Fasesorias%2Fdebo-declarar-renta-en-2022%2F|target:_blank|rel:nofollow\u00bb][\/vc_column_inner][vc_column_inner width=\u00bb1\/2&#8243;][vc_column_text]<\/p>\n<h3 style=\"text-align: center;\">Hasta cu\u00e1ndo tienes plazo para declarar renta?<\/h3>\n<p style=\"text-align: center;\">Si tienes que declarar renta, te decimos tu fecha l\u00edmite para hacerlo en 2022 de acuerdo al n\u00famero de tu c\u00e9dula. \u00a1Evita sanciones!<\/p>\n<p>[\/vc_column_text][vc_btn title=\u00bbFechas para declarar renta 2022&#8243; color=\u00bbjuicy-pink\u00bb align=\u00bbcenter\u00bb css_animation=\u00bbbounceIn\u00bb link=\u00bburl:https%3A%2F%2Fasesoriasdye.com.co%2Fasesorias%2Ffechas-declaracion-de-renta%2F|target:_blank|rel:nofollow\u00bb][\/vc_column_inner][\/vc_row_inner][\/vc_column][\/vc_row][vc_row][vc_column][vc_column_text]<\/p>\n<h2 style=\"text-align: center;\">Preguntas Frecuentes<\/h2>\n<p style=\"text-align: center;\">Estas son algunas de las preguntas m\u00e1s frecuentes.<br \/>\nSi tienes otras dudas, no dudes en preguntarnos por el chat en vivo.<\/p>\n<p>[\/vc_column_text][\/vc_column][\/vc_row][vc_row][vc_column][vc_tta_tour color=\u00bbjuicy-pink\u00bb active_section=\u00bb1&#8243;][vc_tta_section title=\u00bb\u00bfQu\u00e9 pasa si se equivocan en la declaraci\u00f3n? \u00bfC\u00f3mo funciona la garant\u00eda?\u00bb tab_id=\u00bb1644253237796-74259f77-3426&#8243;][vc_column_text]<\/p>\n<div class=\"w-dyn-item w-col w-col-6\" role=\"listitem\">\n<div class=\"faq-question\">\n<p class=\"text-grey\">Las declaraciones se calculan en una plataforma especializada y actualizada con la legislaci\u00f3n colombiana. Por esto, si ingresas informaci\u00f3n completa y veraz,\u00a0 Ofrecemos una garant\u00eda por errores en la elaboraci\u00f3n de tu declaraci\u00f3n. Esto quiere decir: 1) respondemos en caso de que la DIAN te imponga una sanci\u00f3n por errores en los c\u00e1lculos de la declaraci\u00f3n. 2) Ante cualquier eventualidad con tu declaraci\u00f3n, te brindaremos asesor\u00eda personalizada para resolverla.<\/p>\n<\/div>\n<\/div>\n<div class=\"w-dyn-item w-col w-col-6\" role=\"listitem\">\n<div class=\"faq-question\"><\/div>\n<\/div>\n<p>[\/vc_column_text][\/vc_tta_section][vc_tta_section title=\u00bb\u00bfPuedo elaborar mi declaraci\u00f3n del a\u00f1o gravable 2021 desde ya?\u00bb tab_id=\u00bb1644253237820-902d9988-1888&#8243;][vc_column_text]<\/p>\n<div class=\"w-dyn-item w-col w-col-6\" role=\"listitem\">\n<div class=\"faq-question\">\n<p class=\"text-grey\">No, En el momento puedes elaborar las declaraciones de renta de los a\u00f1os gravables 2018, 2019 y 2020 en nuestra plataforma. El a\u00f1o gravable 2021 ser\u00e1 habilitado en el mes de junio de 2022, aproximadamente 2 meses antes de las primeras fechas de vencimiento para presentar la declaraci\u00f3n de dicho a\u00f1o.<\/p>\n<\/div>\n<\/div>\n<div class=\"w-dyn-item w-col w-col-6\" role=\"listitem\">\n<div class=\"faq-question\"><\/div>\n<\/div>\n<p>[\/vc_column_text][\/vc_tta_section][vc_tta_section title=\u00bbMi contador me ayuda a pagar menos impuestos, \u00bfustedes hacen algo as\u00ed?\u00bb tab_id=\u00bb1644253326771-00629945-ce21&#8243;][vc_column_text]<\/p>\n<div class=\"w-dyn-item w-col w-col-6\" role=\"listitem\">\n<div class=\"faq-question\">\n<p class=\"text-grey\">S\u00ed, Entendemos a cabalidad la legislaci\u00f3n tributaria y nos encargamos de asignar todas las deducciones posibles de la manera \u00f3ptima para que siempre obtengas el mejor resultado legalmente posible. Lo \u00fanico que debes hacer es responder las preguntas que te hacemos para la elaboraci\u00f3n de tu declaraci\u00f3n y listo, nosotros nos encargamos del resto. As\u00ed te garantizamos pagar el m\u00ednimo valor de impuesto posible siempre.<\/p>\n<\/div>\n<\/div>\n<div class=\"w-dyn-item w-col w-col-6\" role=\"listitem\">\n<div class=\"faq-question\"><\/div>\n<\/div>\n<p>[\/vc_column_text][\/vc_tta_section][vc_tta_section title=\u00bb\u00bfQu\u00e9 me entregan al final del proceso de declaraci\u00f3n de renta?\u00bb tab_id=\u00bb1644253349407-b62f060c-eea5&#8243;][vc_column_text]<\/p>\n<div class=\"w-dyn-item w-col w-col-6\" role=\"listitem\">\n<div class=\"faq-question\">\n<p class=\"text-grey\">Te entregamos el formulario de tu declaraci\u00f3n de renta completamente diligenciado y optimizado, listo para que lo presentes en cualquier banco, o a trav\u00e9s de la plataforma MUISCA de la DIAN, en caso de que tengas firma electr\u00f3nica. Adicionalmente, te entrega los anexos de tu declaraci\u00f3n, para que los tengas como soporte y entiendas c\u00f3mo se construy\u00f3 l\u00ednea por l\u00ednea.<\/p>\n<\/div>\n<\/div>\n<div class=\"w-dyn-item w-col w-col-6\" role=\"listitem\">\n<div class=\"faq-question\"><\/div>\n<\/div>\n<p>[\/vc_column_text][\/vc_tta_section][\/vc_tta_tour][\/vc_column][\/vc_row][vc_row full_width=\u00bbstretch_row\u00bb css=\u00bb.vc_custom_1644254475939{background-color: #efefef !important;}\u00bb][vc_column][vc_column_text]<\/p>\n<h3 class=\"heading-41\" style=\"text-align: justify;\">Sanciones por declarar fuera de los plazos<\/h3>\n<div class=\"text-block-28\" style=\"text-align: justify;\">Las personas naturales obligadas a declarar renta y la presenten fuera de las fechas establecidas ser\u00e1n objeto de sanciones establecidas por ley.<br \/>\n\u200d<\/div>\n<ul class=\"list-5\" style=\"text-align: justify;\" role=\"list\">\n<li>Si presentas tu declaraci\u00f3n de renta despu\u00e9s de tu fecha l\u00edmite, tendr\u00e1s que pagar una sanci\u00f3n por declarar tarde, conocida como sanci\u00f3n por extemporaneidad. Esta sanci\u00f3n equivale al 5% de tu impuesto a cargo y aumenta con cada mes o fracci\u00f3n de mes que pase entre la fecha l\u00edmite de pago y la fecha en la cual se presente la declaraci\u00f3n de renta.<\/li>\n<li>La sanci\u00f3n m\u00ednima que se pagar\u00e1 en 2022 por las obligaciones incumplidas o mal cumplidas con la DIAN es de $380.000. Es decir que solo por declarar un d\u00eda tarde, ya tendr\u00edas que asumir este valor, incluso si tu declaraci\u00f3n de renta arroja un valor a pagar de cero.<\/li>\n<li>Te ser\u00e1 enviado un mensaje de advertencia, notificando que cuentas con un mes m\u00e1ximo para realizar el pago correspondiente al monto del impuesto, de no ser cumplido este plazo se le anexara un 10%, articulo 642 de la ley establecida.<\/li>\n<li>De no declarar impuestos sobre la renta en ninguno de los casos anteriores se le sumara un 20% como sanci\u00f3n con base al valor de sus consignaciones bancarias o bien los ingresos brutos de la persona, esto se dar\u00e1 en relaci\u00f3n al periodo en el que el mismo no declar\u00f3 impuestos o en relaci\u00f3n a los ingresos de la \u00faltima declaraci\u00f3n que ha realizado, art\u00edculo 643 de la ley establecida.<\/li>\n<\/ul>\n<div class=\"text-block-29\" style=\"text-align: justify;\">Ahora que sabes la fecha en que debes presentar tus impuestos de renta, ten presente todas estas recomendaciones y nosotros nos encargamos de que tu declaraci\u00f3n de renta sea un proceso \u00e1gil, f\u00e1cil y con garant\u00eda.<\/div>\n<p>[\/vc_column_text][\/vc_column][\/vc_row][vc_row content_placement=\u00bbmiddle\u00bb][vc_column width=\u00bb1\/4&#8243;][vc_column_text]<img loading=\"lazy\" decoding=\"async\" class=\"aligncenter size-full wp-image-576\" src=\"https:\/\/asesoriasdye.com.co\/asesorias\/wp-content\/uploads\/2022\/02\/webbb.jpg\" alt=\"\" width=\"500\" height=\"454\" srcset=\"https:\/\/asesoriasdye.com.co\/asesorias\/wp-content\/uploads\/2022\/02\/webbb.jpg 500w, https:\/\/asesoriasdye.com.co\/asesorias\/wp-content\/uploads\/2022\/02\/webbb-300x272.jpg 300w\" sizes=\"auto, (max-width: 500px) 100vw, 500px\" \/>[\/vc_column_text][vc_column_text css=\u00bb.vc_custom_1652112310624{background-color: #53b9a4 !important;}\u00bb]<img loading=\"lazy\" decoding=\"async\" class=\"aligncenter size-full wp-image-668\" src=\"https:\/\/asesoriasdye.com.co\/asesorias\/wp-content\/uploads\/2022\/05\/vwv.jpg\" alt=\"\" width=\"426\" height=\"549\" srcset=\"https:\/\/asesoriasdye.com.co\/asesorias\/wp-content\/uploads\/2022\/05\/vwv.jpg 426w, https:\/\/asesoriasdye.com.co\/asesorias\/wp-content\/uploads\/2022\/05\/vwv-233x300.jpg 233w\" sizes=\"auto, (max-width: 426px) 100vw, 426px\" \/>[\/vc_column_text][\/vc_column][vc_column width=\u00bb3\/4&#8243;][vc_column_text]<\/p>\n<h3 class=\"heading-40\" style=\"text-align: justify;\">\u00bfQu\u00e9 pasa si no presento mi declaraci\u00f3n de renta o la presento tarde?<\/h3>\n<div class=\"text-block-24\" style=\"text-align: justify;\">Al ser un deber decretado por ley, las personas naturales que no declaren renta o lo hagan fuera de la fecha establecida tendr\u00e1n sanciones.<\/div>\n<ul class=\"list-2\" role=\"list\">\n<li class=\"list-item-4\" style=\"text-align: justify;\">Si presentas tu declaraci\u00f3n de renta despu\u00e9s de tu fecha l\u00edmite, tendr\u00e1s que pagar una sanci\u00f3n por declarar tarde, conocida como sanci\u00f3n por extemporaneidad. Esta sanci\u00f3n equivale al 5% de tu impuesto a cargo y aumenta con cada mes o fracci\u00f3n de mes que pase entre la fecha l\u00edmite de pago y la fecha en la cual se presente la declaraci\u00f3n de renta.<\/li>\n<li class=\"list-item-5\" style=\"text-align: justify;\">La sanci\u00f3n m\u00ednima que se pagar\u00e1 en 2022 por las obligaciones incumplidas o mal cumplidas con la DIAN es de $380.000. Es decir que solo por declarar un d\u00eda tarde, ya tendr\u00edas que asumir este valor, incluso si tu declaraci\u00f3n de renta arroja un valor a pagar de cero.<\/li>\n<li class=\"list-item-6\" style=\"text-align: justify;\">Te ser\u00e1 enviado un mensaje de advertencia, notificando que cuentas con un mes m\u00e1ximo para realizar el pago correspondiente al monto del impuesto, de no ser cumplido este plazo se le anexara un 10%, articulo 642 de la ley establecida.<\/li>\n<li class=\"list-item-7\" style=\"text-align: justify;\">De no declarar impuestos sobre la renta en ninguno de los casos anteriores se le sumar\u00e1 un 20% como sanci\u00f3n en base a el valor de sus consignaciones bancarias o bien los ingresos brutos de la persona, esto se dar\u00e1 en relaci\u00f3n al periodo en el que el mismo no declaro impuestos o en relaci\u00f3n a los ingresos de la \u00faltima declaraci\u00f3n que ha realizado, articulo 643 de la ley establecida.<\/li>\n<\/ul>\n<p>[\/vc_column_text][\/vc_column][\/vc_row]<\/p>\n","protected":false},"excerpt":{"rendered":"<p>[vc_row full_width=\u00bbstretch_row\u00bb content_placement=\u00bbmiddle\u00bb css_animation=\u00bbbounceInLeft\u00bb css=\u00bb.vc_custom_1653762426726{margin-top: -70px !important;background-color: #5091b9 !important;}\u00bb][vc_column width=\u00bb1\/3&#8243;][vc_column_text] Servicio de Outsourcing [\/vc_column_text][vc_btn title=\u00bbCLICK AQUI\u00bb color=\u00bbinverse\u00bb size=\u00bblg\u00bb align=\u00bbcenter\u00bb link=\u00bburl:https%3A%2F%2Fasesoriasdye.com.co%2Fasesorias%2Fservicio-de-outsourcing%2F|target:_blank\u00bb][\/vc_column][vc_column width=\u00bb2\/3&#8243;][vc_column_text][\/vc_column_text][\/vc_column][\/vc_row][vc_row full_width=\u00bbstretch_row\u00bb css=\u00bb.vc_custom_1651617295916{margin-top: -70px !important;}\u00bb][vc_column][\/vc_column][\/vc_row][vc_row css=\u00bb.vc_custom_1651617412781{margin-top: 40px !important;}\u00bb][vc_column][vc_column_text] \u00bfYa sabes si te toca y cu\u00e1ndo tienes que declarar renta? [\/vc_column_text][vc_row_inner][vc_column_inner width=\u00bb1\/2&#8243;][vc_column_text] Averigua si debes declarar en 2022 Contesta estas preguntas y te ayudamos a determinar&hellip;<\/p>\n","protected":false},"author":9,"featured_media":0,"parent":0,"menu_order":0,"comment_status":"closed","ping_status":"closed","template":"","meta":{"_joinchat":[]},"class_list":["post-137","page","type-page","status-publish","hentry","description-off"],"_links":{"self":[{"href":"https:\/\/asesoriasdye.com.co\/asesorias\/wp-json\/wp\/v2\/pages\/137","targetHints":{"allow":["GET"]}}],"collection":[{"href":"https:\/\/asesoriasdye.com.co\/asesorias\/wp-json\/wp\/v2\/pages"}],"about":[{"href":"https:\/\/asesoriasdye.com.co\/asesorias\/wp-json\/wp\/v2\/types\/page"}],"author":[{"embeddable":true,"href":"https:\/\/asesoriasdye.com.co\/asesorias\/wp-json\/wp\/v2\/users\/9"}],"replies":[{"embeddable":true,"href":"https:\/\/asesoriasdye.com.co\/asesorias\/wp-json\/wp\/v2\/comments?post=137"}],"version-history":[{"count":159,"href":"https:\/\/asesoriasdye.com.co\/asesorias\/wp-json\/wp\/v2\/pages\/137\/revisions"}],"predecessor-version":[{"id":711,"href":"https:\/\/asesoriasdye.com.co\/asesorias\/wp-json\/wp\/v2\/pages\/137\/revisions\/711"}],"wp:attachment":[{"href":"https:\/\/asesoriasdye.com.co\/asesorias\/wp-json\/wp\/v2\/media?parent=137"}],"curies":[{"name":"wp","href":"https:\/\/api.w.org\/{rel}","templated":true}]}}