{"id":15,"date":"2016-07-05T17:38:39","date_gmt":"2016-07-05T17:38:39","guid":{"rendered":"http:\/\/asesoriasdye.com.co\/asesorias\/?page_id=15"},"modified":"2022-02-03T21:08:34","modified_gmt":"2022-02-03T21:08:34","slug":"asesorias-contables","status":"publish","type":"page","link":"https:\/\/asesoriasdye.com.co\/asesorias\/asesorias-contables\/","title":{"rendered":"ASESORIAS CONTABLES"},"content":{"rendered":"<div class=\"art-content-layout\">\n<div class=\"art-content-layout-row\">\n<div class=\"art-layout-cell\">\n<p style=\"text-align: justify;\">Organizamos la contabilidad de su empresa a fin de brindarle una informaci\u00f3n oportuna, \u00fatil y comprensible para la toma de decisiones en su organizaci\u00f3n. Nuestra asesor\u00eda le permite entregar de manera transparente, los movimientos econ\u00f3micos e informes de gesti\u00f3n y an\u00e1lisis de resultados que le ayudaran a realizar cambios, acordes a las necesidades actuales de su organizaci\u00f3n.<\/p>\n<\/div>\n<\/div>\n<\/div>\n<div class=\"art-content-layout-br\">\u00a0Normas Internacionales de Contabilidad &#8211; NIF<\/div>\n<div class=\"art-content-layout\">\n<div class=\"art-content-layout-row\">\n<div class=\"art-layout-cell\">\n<p style=\"text-align: justify;\">A partir dela Ley1314 de 2009, Colombia entr\u00f3 en el proceso de regulaci\u00f3n de las Normas internacionales de informaci\u00f3n financiera \u2013 NIIF y de aseguramiento de la informaci\u00f3n, se se\u00f1alan las autoridades competentes para la aprobaci\u00f3n, se define el procedimiento para su expedici\u00f3n y se determinan las entidades responsables de vigilar su cumplimiento.<\/p>\n<p style=\"text-align: justify;\">La acci\u00f3n del Estado se dirige hacia la convergencia de las Normas Contables Colombianas actuales, con est\u00e1ndares de aceptaci\u00f3n mundial, acogiendo las mejores pr\u00e1cticas de regulaci\u00f3n contable internacional, para poner en l\u00ednea la econom\u00eda colombiana con las directrices de la globalizaci\u00f3n, el pensamiento \u00fanico y los intereses de los Pa\u00edses desarrollados.<\/p>\n<\/div>\n<\/div>\n<\/div>\n","protected":false},"excerpt":{"rendered":"<p>Organizamos la contabilidad de su empresa a fin de brindarle una informaci\u00f3n oportuna, \u00fatil y comprensible para la toma de decisiones en su organizaci\u00f3n. Nuestra asesor\u00eda le permite entregar de manera transparente, los movimientos econ\u00f3micos e informes de gesti\u00f3n y an\u00e1lisis de resultados que le ayudaran a realizar cambios, acordes a las necesidades actuales de&hellip;<\/p>\n","protected":false},"author":9,"featured_media":0,"parent":0,"menu_order":0,"comment_status":"closed","ping_status":"closed","template":"","meta":{"_joinchat":[]},"class_list":["post-15","page","type-page","status-publish","hentry","description-off"],"_links":{"self":[{"href":"https:\/\/asesoriasdye.com.co\/asesorias\/wp-json\/wp\/v2\/pages\/15","targetHints":{"allow":["GET"]}}],"collection":[{"href":"https:\/\/asesoriasdye.com.co\/asesorias\/wp-json\/wp\/v2\/pages"}],"about":[{"href":"https:\/\/asesoriasdye.com.co\/asesorias\/wp-json\/wp\/v2\/types\/page"}],"author":[{"embeddable":true,"href":"https:\/\/asesoriasdye.com.co\/asesorias\/wp-json\/wp\/v2\/users\/9"}],"replies":[{"embeddable":true,"href":"https:\/\/asesoriasdye.com.co\/asesorias\/wp-json\/wp\/v2\/comments?post=15"}],"version-history":[{"count":6,"href":"https:\/\/asesoriasdye.com.co\/asesorias\/wp-json\/wp\/v2\/pages\/15\/revisions"}],"predecessor-version":[{"id":557,"href":"https:\/\/asesoriasdye.com.co\/asesorias\/wp-json\/wp\/v2\/pages\/15\/revisions\/557"}],"wp:attachment":[{"href":"https:\/\/asesoriasdye.com.co\/asesorias\/wp-json\/wp\/v2\/media?parent=15"}],"curies":[{"name":"wp","href":"https:\/\/api.w.org\/{rel}","templated":true}]}}