{"id":17,"date":"2016-07-05T17:39:07","date_gmt":"2016-07-05T17:39:07","guid":{"rendered":"http:\/\/asesoriasdye.com.co\/asesorias\/?page_id=17"},"modified":"2022-02-03T21:08:41","modified_gmt":"2022-02-03T21:08:41","slug":"asesorias-para-iso-9001","status":"publish","type":"page","link":"https:\/\/asesoriasdye.com.co\/asesorias\/asesorias-para-iso-9001\/","title":{"rendered":"ASESORIAS PARA ISO 9001"},"content":{"rendered":"<p>La globalizaci\u00f3n, el TLC y el desarrollo mundial, exigen cada d\u00eda empresas certificadas y que acrediten optima calidad en sus productos y servicios.<\/p>\n<p>Organizaciones de todo tipo pueden tener la necesidad de demostrar su responsabilidad con el sistema de gesti\u00f3n de calidad implantado (SGC) y la pr\u00e1ctica asociada de Auditoria de calidad se ha tornado como una forma de satisfacer esta necesidad.\u00a0 La intenci\u00f3n de estos sistemas es la de ayudar a una organizaci\u00f3n a establecer y mejorar sus pol\u00edticas, objetivos, est\u00e1ndares y otros requerimientos de calidad. En esta etapa ayudamos a la formaci\u00f3n de los objetivos y pol\u00edtica de calidad, nivel de satisfacci\u00f3n del cliente, estandarizaci\u00f3n de los procedimientos de su empresa, desarrollo de habilidades comerciales y de atenci\u00f3n al cliente del talento humano, como la ejecuci\u00f3n de las auditorias de calidad internas para analizar la evoluci\u00f3n de la organizaci\u00f3n hacia la certificaci\u00f3n<\/p>\n","protected":false},"excerpt":{"rendered":"<p>La globalizaci\u00f3n, el TLC y el desarrollo mundial, exigen cada d\u00eda empresas certificadas y que acrediten optima calidad en sus productos y servicios. Organizaciones de todo tipo pueden tener la necesidad de demostrar su responsabilidad con el sistema de gesti\u00f3n de calidad implantado (SGC) y la pr\u00e1ctica asociada de Auditoria de calidad se ha tornado&hellip;<\/p>\n","protected":false},"author":9,"featured_media":0,"parent":0,"menu_order":0,"comment_status":"closed","ping_status":"closed","template":"","meta":{"_joinchat":[]},"class_list":["post-17","page","type-page","status-publish","hentry","description-off"],"_links":{"self":[{"href":"https:\/\/asesoriasdye.com.co\/asesorias\/wp-json\/wp\/v2\/pages\/17","targetHints":{"allow":["GET"]}}],"collection":[{"href":"https:\/\/asesoriasdye.com.co\/asesorias\/wp-json\/wp\/v2\/pages"}],"about":[{"href":"https:\/\/asesoriasdye.com.co\/asesorias\/wp-json\/wp\/v2\/types\/page"}],"author":[{"embeddable":true,"href":"https:\/\/asesoriasdye.com.co\/asesorias\/wp-json\/wp\/v2\/users\/9"}],"replies":[{"embeddable":true,"href":"https:\/\/asesoriasdye.com.co\/asesorias\/wp-json\/wp\/v2\/comments?post=17"}],"version-history":[{"count":5,"href":"https:\/\/asesoriasdye.com.co\/asesorias\/wp-json\/wp\/v2\/pages\/17\/revisions"}],"predecessor-version":[{"id":558,"href":"https:\/\/asesoriasdye.com.co\/asesorias\/wp-json\/wp\/v2\/pages\/17\/revisions\/558"}],"wp:attachment":[{"href":"https:\/\/asesoriasdye.com.co\/asesorias\/wp-json\/wp\/v2\/media?parent=17"}],"curies":[{"name":"wp","href":"https:\/\/api.w.org\/{rel}","templated":true}]}}