{"id":2,"date":"2016-07-01T02:50:01","date_gmt":"2016-07-01T02:50:01","guid":{"rendered":"http:\/\/asesoriasdye.com.co\/asesorias\/?page_id=2"},"modified":"2022-02-03T21:09:09","modified_gmt":"2022-02-03T21:09:09","slug":"nosotros","status":"publish","type":"page","link":"https:\/\/asesoriasdye.com.co\/asesorias\/nosotros\/","title":{"rendered":"Sobre Nosotros"},"content":{"rendered":"<p>Somos un equipo multidisciplinario de profesionales y especialistas en consultar\u00eda y asesor\u00edas empresariales en diferentes \u00e1reas del saber, din\u00e1micos, comprometidos con nuestros clientes, donde nuestra misi\u00f3n principal es coadyuvar al logro de los objetivos institucionales a fin de contribuir al fortalecimiento de las empresas p\u00fablicas y privadas en la consecuci\u00f3n de sus metas y objetivos organizacionales.<\/p>\n<p style=\"text-align: justify;\">En nuestra firma encontrar\u00e1 Profesionales altamente capacitados y con experiencia, soluciones integrales a sus asuntos, atenci\u00f3n personalizada, comunicaci\u00f3n inmediata y confidencialidad.<\/p>\n<p style=\"text-align: justify;\">Nos hemos puesto la meta de ser la alternativa de soluci\u00f3n en todo el territorio Colombiano para las distintas organizaciones de car\u00e1cter Publico y Privado, compilando en todos los sectores: Agropecuarios, ganaderos, industrial, de servicios y generar una pol\u00edtica social de ayuda mutua en la prestaci\u00f3n de servicios en asesor\u00edas e implementacion de programas sociales que contribuyan al mejoramiento de la calidad de vida de las poblaciones menos favorecidas del territorio Nacional, articulado con Gobernaciones, Alcald\u00edas, Presidencia de la Rep\u00fablica, entidades estatales e internacional, a fin de generar desarrollo social, cultural y econ\u00f3mico en las familias vulnerables.<\/p>\n<p><b>MISI\u00d3N<\/b><\/p>\n<p style=\"text-align: justify;\">Fortalecer el desarrollo de las organizaciones p\u00fablicas y privadas, la cual acompa\u00f1amos dentro de un proceso de transparencia, pulcritud y compromiso, logrando con ello satisfacci\u00f3n y progreso, contribuido a la eficacia en los resultados, econ\u00f3micos, administrativos y sociales.<\/p>\n<p><strong>VISI\u00d3N:<\/strong><\/p>\n<p style=\"text-align: justify;\">Ser la mejor alternativa de servicios empresariales en el mercado local y Nacional, acordes a la oportunidad y calidad, para satisfacer las necesidades de nuestros clientes y contribuir al progreso socioecon\u00f3mico de nuestros colaboradores.<\/p>\n<p><b>\u00a0<\/b><b>VENTAJAS DE CONTRATAR NUESTRA FIRMA<\/b><\/p>\n<ul>\n<li>Honorarios justos y bien explicados en su alcance y determinaci\u00f3n.<\/li>\n<li><span data-mce-mark=\"1\">Conocimientos adecuados sobre la problem\u00e1tica a resolver.<\/span><\/li>\n<li><span data-mce-mark=\"1\">Experiencia en el servicio que prestamos.<\/span><\/li>\n<\/ul>\n<ul>\n<li>Talento humano id\u00f3neo con capacidad de s\u00edntesis y an\u00e1lisis.<\/li>\n<li>Atenci\u00f3n oportuna y eficaz, resoluci\u00f3n de conflictos.<\/li>\n<\/ul>\n<p><strong>NUESTROS VALORES.<\/strong><\/p>\n<ul>\n<li style=\"text-align: justify;\"><b>CAPACIDAD DE RESPUESTA.<\/b> Que nos permite reaccionar de la mejor manera frente a las posibles situaciones, inconvenientes e imprevistos que sufra nuestro cliente.<\/li>\n<\/ul>\n<ul>\n<li style=\"text-align: justify;\"><b>PROFESIONALIDAD.<\/b> En todos los niveles del servicio, para que la comunicaci\u00f3n con el cliente sea contin\u00faa y este a su vez se sienta mas seguro por tratarse de un equipo multidisciplinario.<\/li>\n<\/ul>\n<ul style=\"text-align: justify;\">\n<li><b>CORTES\u00cdA<\/b>. Hacia nuestros clientes y colaboradores lo que permite que nuestra actitud transmita el sentimiento de respeto y valoraci\u00f3n necesarios en cualquier relaci\u00f3n.<\/li>\n<\/ul>\n<ul style=\"text-align: justify;\">\n<li><b>SEGURIDAD<\/b>. Que siempre buscamos a trav\u00e9s de acciones certeras y eficaces a la hora de dar soluciones.<\/li>\n<\/ul>\n<ul style=\"text-align: justify;\">\n<li><b>ACCESIBILIDAD<\/b>. Buscamos que nuestros servicios sean de muy f\u00e1cil acceso a nuestros clientes.<\/li>\n<\/ul>\n<ul>\n<li style=\"text-align: justify;\"><b>COMPRENSI\u00d3N.<\/b> No damos explicaciones dif\u00edciles, sino al contrario, buscamos que el cliente perciba el beneficio de nuestros servicios.<\/li>\n<\/ul>\n<p><b>\u00a0<\/b><b>POL\u00cdTICA\u00a0DE CALIDAD<\/b><\/p>\n<ul>\n<li style=\"text-align: justify;\">la\u00a0 competitividad\u00a0 e innovaci\u00f3n en los procedimientos y procesos, apoyado en un equipo humano, comprometido, capacitado y participe en el mejoramiento continuo de nuestros servicios.<\/li>\n<\/ul>\n<ul>\n<li style=\"text-align: justify;\">Consolidar un equipo de trabajo automotivado, que promueva el crecimiento y desarrollo integral bajo sus funciones.<\/li>\n<\/ul>\n<ul>\n<li style=\"text-align: justify;\">Mejorar el desempe\u00f1o del recurso humano que impacta en la calidad del servicio, a trav\u00e9s de la realizaci\u00f3n de programas que afiancen sus fortalezas y destrezas.<\/li>\n<\/ul>\n<p><b>\u00a0<\/b><b>O<\/b><b>B<\/b><b>JETIVOS CALIDAD:<\/b><\/p>\n<ul>\n<li style=\"text-align: justify;\">Brindar una atenci\u00f3n eficiente y oportuna a todos nuestros clientes y usuarios de los diferentes servicios.<\/li>\n<\/ul>\n<ul style=\"text-align: justify;\">\n<li>Mejorar continuamente la eficacia y eficiencia de los procedimientos internos establecidos por nuestra firma.<\/li>\n<\/ul>\n<ul>\n<li style=\"text-align: justify;\">Mejorar el desempe\u00f1o del recurso humano que impacta en la calidad del servicio, a trav\u00e9s de la realizaci\u00f3n de programas que afiancen sus fortalezas y destrezas.<\/li>\n<\/ul>\n<p><b>POL\u00cdTICA\u00a0INSTITUCIONAL<\/b><\/p>\n<p style=\"text-align: justify;\">Nuestra labor estar\u00e1 enmarcada por una sana pol\u00edtica de austeridad, una pr\u00e1ctica constante de lealtad, rectitud y compromiso garantizado en el actuar de cada uno de los integrantes de este equipo humano.<\/p>\n<p>&nbsp;<\/p>\n","protected":false},"excerpt":{"rendered":"<p>Somos un equipo multidisciplinario de profesionales y especialistas en consultar\u00eda y asesor\u00edas empresariales en diferentes \u00e1reas del saber, din\u00e1micos, comprometidos con nuestros clientes, donde nuestra misi\u00f3n principal es coadyuvar al logro de los objetivos institucionales a fin de contribuir al fortalecimiento de las empresas p\u00fablicas y privadas en la consecuci\u00f3n de sus metas y objetivos&hellip;<\/p>\n","protected":false},"author":9,"featured_media":0,"parent":0,"menu_order":0,"comment_status":"closed","ping_status":"open","template":"","meta":{"_joinchat":[]},"class_list":["post-2","page","type-page","status-publish","hentry","description-off"],"_links":{"self":[{"href":"https:\/\/asesoriasdye.com.co\/asesorias\/wp-json\/wp\/v2\/pages\/2","targetHints":{"allow":["GET"]}}],"collection":[{"href":"https:\/\/asesoriasdye.com.co\/asesorias\/wp-json\/wp\/v2\/pages"}],"about":[{"href":"https:\/\/asesoriasdye.com.co\/asesorias\/wp-json\/wp\/v2\/types\/page"}],"author":[{"embeddable":true,"href":"https:\/\/asesoriasdye.com.co\/asesorias\/wp-json\/wp\/v2\/users\/9"}],"replies":[{"embeddable":true,"href":"https:\/\/asesoriasdye.com.co\/asesorias\/wp-json\/wp\/v2\/comments?post=2"}],"version-history":[{"count":16,"href":"https:\/\/asesoriasdye.com.co\/asesorias\/wp-json\/wp\/v2\/pages\/2\/revisions"}],"predecessor-version":[{"id":559,"href":"https:\/\/asesoriasdye.com.co\/asesorias\/wp-json\/wp\/v2\/pages\/2\/revisions\/559"}],"wp:attachment":[{"href":"https:\/\/asesoriasdye.com.co\/asesorias\/wp-json\/wp\/v2\/media?parent=2"}],"curies":[{"name":"wp","href":"https:\/\/api.w.org\/{rel}","templated":true}]}}