{"id":30,"date":"2016-07-05T17:45:27","date_gmt":"2016-07-05T17:45:27","guid":{"rendered":"http:\/\/asesoriasdye.com.co\/asesorias\/?page_id=30"},"modified":"2022-01-27T17:24:21","modified_gmt":"2022-01-27T17:24:21","slug":"asesorias-tributarias","status":"publish","type":"page","link":"https:\/\/asesoriasdye.com.co\/asesorias\/asesorias-tributarias\/","title":{"rendered":"Tributarias"},"content":{"rendered":"<p><img decoding=\"async\" class=\"aligncenter\" src=\"http:\/\/www.cpaaicabrerayasociados.co\/wp-content\/uploads\/2015\/03\/NOTICIA2.jpg\" \/><\/p>\n<p>Tema de gran inter\u00e9s para las empresas Colombianas es el pago de impuestos al Gobierno Nacional. En este campo, efectuamos un estudio de planificaci\u00f3n de sus impuestos, racionalizando su pago estrictamente a lo ordenado por la ley, igualmente atiende las consultas sobre el tema fiscal.<\/p>\n<p>En consecuencia, ofrecemos los servicios de elaboraci\u00f3n de las declaraciones tributarias tales como:<\/p>\n<ul>\n<li>Retenci\u00f3n en la fuente<\/li>\n<li>Auto retenciones impuesto CREE<\/li>\n<li>Impuesto a las ventas Bimestral , Cuatrimestral, o Anual<\/li>\n<li>Impuesto al consumo<\/li>\n<li>Declaraci\u00f3n de renta y complementario anual<\/li>\n<li>Declaraci\u00f3n de renta Anual impuesto CREE<\/li>\n<li>Industria y Comercio<\/li>\n<li>Elaboraci\u00f3n y reporte de informaci\u00f3n ex\u00f3gena<\/li>\n<li>Declaraciones de Renta Persona Natural &#8211; IMAS Impuesto M\u00ednimo Alternativo Simple<\/li>\n<li>Declaraciones de Renta Persona Natural &#8211; IMAN Impuesto M\u00ednimo Alternativo Nacional<\/li>\n<\/ul>\n<p><span lang=\"ES-CO\">Adicionalmente adelantamos el proceso y gesti\u00f3n ante la Administraci\u00f3n de Impuestos y Aduanas Nacionales DIAN, de las devoluciones o compensaciones de impuestos a favor de la Empresa y la elaboraci\u00f3n de informaci\u00f3n en medios magn\u00e9ticos para la DIAN, Superintendencia de Sociedades,\u00a0 Supersolidaria, supersalud, Entre otros.<\/span><\/p>\n","protected":false},"excerpt":{"rendered":"<p>Tema de gran inter\u00e9s para las empresas Colombianas es el pago de impuestos al Gobierno Nacional. En este campo, efectuamos un estudio de planificaci\u00f3n de sus impuestos, racionalizando su pago estrictamente a lo ordenado por la ley, igualmente atiende las consultas sobre el tema fiscal. En consecuencia, ofrecemos los servicios de elaboraci\u00f3n de las declaraciones&hellip;<\/p>\n","protected":false},"author":9,"featured_media":0,"parent":0,"menu_order":0,"comment_status":"closed","ping_status":"closed","template":"","meta":{"_joinchat":[]},"class_list":["post-30","page","type-page","status-publish","hentry","description-off"],"_links":{"self":[{"href":"https:\/\/asesoriasdye.com.co\/asesorias\/wp-json\/wp\/v2\/pages\/30","targetHints":{"allow":["GET"]}}],"collection":[{"href":"https:\/\/asesoriasdye.com.co\/asesorias\/wp-json\/wp\/v2\/pages"}],"about":[{"href":"https:\/\/asesoriasdye.com.co\/asesorias\/wp-json\/wp\/v2\/types\/page"}],"author":[{"embeddable":true,"href":"https:\/\/asesoriasdye.com.co\/asesorias\/wp-json\/wp\/v2\/users\/9"}],"replies":[{"embeddable":true,"href":"https:\/\/asesoriasdye.com.co\/asesorias\/wp-json\/wp\/v2\/comments?post=30"}],"version-history":[{"count":4,"href":"https:\/\/asesoriasdye.com.co\/asesorias\/wp-json\/wp\/v2\/pages\/30\/revisions"}],"predecessor-version":[{"id":83,"href":"https:\/\/asesoriasdye.com.co\/asesorias\/wp-json\/wp\/v2\/pages\/30\/revisions\/83"}],"wp:attachment":[{"href":"https:\/\/asesoriasdye.com.co\/asesorias\/wp-json\/wp\/v2\/media?parent=30"}],"curies":[{"name":"wp","href":"https:\/\/api.w.org\/{rel}","templated":true}]}}