{"id":33,"date":"2016-07-05T17:45:56","date_gmt":"2016-07-05T17:45:56","guid":{"rendered":"http:\/\/asesoriasdye.com.co\/asesorias\/?page_id=33"},"modified":"2022-01-27T17:24:21","modified_gmt":"2022-01-27T17:24:21","slug":"implementacion-modelo-meci","status":"publish","type":"page","link":"https:\/\/asesoriasdye.com.co\/asesorias\/implementacion-modelo-meci\/","title":{"rendered":"Implementacion Modelo MECI"},"content":{"rendered":"<p><img decoding=\"async\" src=\"http:\/\/www.colciencias.gov.co\/colciencias-dev\/sites\/default\/files\/cabezote-control-intermo-01.png\" \/><\/p>\n<p style=\"text-align: justify;\">La Constituci\u00f3n Pol\u00edtica\u00a0de 1991 incorpor\u00f3 el concepto del Control Interno como un instrumento orientado a garantizar el logro de los objetivos de cada entidad del Estado y el cumplimiento de los principios que rigen la funci\u00f3n p\u00fablica. Por su parte, la Ley 87 de 1993 establece normas para el ejercicio del Control Interno en las entidades y organismo del Estado, y la Ley 489 de 1998 dispuso la creaci\u00f3n del Sistema Nacional de Control Interno.<\/p>\n<p style=\"text-align: justify;\">Con el fin de buscar mayor eficacia e impacto del Control Interno en las entidades del Estado, el Departamento Administrativo de\u00a0la Funci\u00f3n P\u00fablica\u00a0, promovi\u00f3 la adopci\u00f3n e implementaci\u00f3n de un modelo de control interno, iniciativa que fue acogida por el Consejo Asesor del Gobierno Nacional en materia de Control Interno, que condujo a la expedici\u00f3n del Decreto 1599 de 2005 \u201cPor el cual se adopta el Modelo Est\u00e1ndar de Control Interno MECI 1000:2005\u201d.<\/p>\n<p style=\"text-align: justify;\">Dicho marco conceptual propone un Modelo Est\u00e1ndar de Control Interno para el sector p\u00fablico, de tal forma que se establezca una estructura b\u00e1sica de control, respetando las caracter\u00edsticas propias de cada entidad, utilizando un lenguaje com\u00fan para coadyuvar en el cumplimiento de sus objetivos, al tiempo que unifica criterios de control en el Estado.<\/p>\n<p style=\"text-align: justify;\">Por esta raz\u00f3n, nos vinculamos en ser canales de orientaci\u00f3n en la implementaci\u00f3n del MECI y se establece con el fin de promover la institucionalizaci\u00f3n del Control como herramienta de gesti\u00f3n y, de esta manera, facilitar el cumplimiento del mandato Constitucional y legal.<\/p>\n","protected":false},"excerpt":{"rendered":"<p>La Constituci\u00f3n Pol\u00edtica\u00a0de 1991 incorpor\u00f3 el concepto del Control Interno como un instrumento orientado a garantizar el logro de los objetivos de cada entidad del Estado y el cumplimiento de los principios que rigen la funci\u00f3n p\u00fablica. Por su parte, la Ley 87 de 1993 establece normas para el ejercicio del Control Interno en las&hellip;<\/p>\n","protected":false},"author":9,"featured_media":0,"parent":0,"menu_order":0,"comment_status":"closed","ping_status":"closed","template":"","meta":{"_joinchat":[]},"class_list":["post-33","page","type-page","status-publish","hentry","description-off"],"_links":{"self":[{"href":"https:\/\/asesoriasdye.com.co\/asesorias\/wp-json\/wp\/v2\/pages\/33","targetHints":{"allow":["GET"]}}],"collection":[{"href":"https:\/\/asesoriasdye.com.co\/asesorias\/wp-json\/wp\/v2\/pages"}],"about":[{"href":"https:\/\/asesoriasdye.com.co\/asesorias\/wp-json\/wp\/v2\/types\/page"}],"author":[{"embeddable":true,"href":"https:\/\/asesoriasdye.com.co\/asesorias\/wp-json\/wp\/v2\/users\/9"}],"replies":[{"embeddable":true,"href":"https:\/\/asesoriasdye.com.co\/asesorias\/wp-json\/wp\/v2\/comments?post=33"}],"version-history":[{"count":7,"href":"https:\/\/asesoriasdye.com.co\/asesorias\/wp-json\/wp\/v2\/pages\/33\/revisions"}],"predecessor-version":[{"id":186,"href":"https:\/\/asesoriasdye.com.co\/asesorias\/wp-json\/wp\/v2\/pages\/33\/revisions\/186"}],"wp:attachment":[{"href":"https:\/\/asesoriasdye.com.co\/asesorias\/wp-json\/wp\/v2\/media?parent=33"}],"curies":[{"name":"wp","href":"https:\/\/api.w.org\/{rel}","templated":true}]}}