{"id":36,"date":"2016-07-05T17:46:12","date_gmt":"2016-07-05T17:46:12","guid":{"rendered":"http:\/\/asesoriasdye.com.co\/asesorias\/?page_id=36"},"modified":"2022-01-27T17:24:21","modified_gmt":"2022-01-27T17:24:21","slug":"salud-ocupacional","status":"publish","type":"page","link":"https:\/\/asesoriasdye.com.co\/asesorias\/salud-ocupacional\/","title":{"rendered":"Salud Ocupacional"},"content":{"rendered":"<p><img loading=\"lazy\" decoding=\"async\" class=\"\" src=\"http:\/\/www.consultoreshqc.com\/wp-content\/uploads\/salud_ocupacional.png\" width=\"725\" height=\"303\" \/><\/p>\n<p>Es una ciencia que busca proteger y mejorar la salud f\u00edsica, mental, social y espiritual de los trabajadores en sus puestos de trabajo, repercutiendo positivamente en la empresa.<\/p>\n<p>Para ello nos encargamos de evaluar y diagnosticar si la entidad cuenta o no, con un programa de salud ocupacional que genere conciencia y traduzca los beneficios en ambiente laboral saludable.<\/p>\n<p><strong>PROGRAMA DE SALUD OCUPACIONAL<\/strong>:<\/p>\n<p>Este se encarga de la planeaci\u00f3n, organizaci\u00f3n, ejecuci\u00f3n y evaluaci\u00f3n de las actividades de prevenci\u00f3n para preservar, mantener y mejorar la salud de los trabajadores, a trav\u00e9s de actividades l\u00fadico recreativas.<\/p>\n<p><b>HIGIENE OCUPACIONAL :<\/b><\/p>\n<p>Se busca identificar, reconocer, evaluar y controlar los factores ambientales que se originen en los lugares de trabajo y que puedan afectar la salud de los trabajadores.<\/p>\n<p><b>Para lograrlo hacemos:<\/b><\/p>\n<ul>\n<li>\u00a0Identificaci\u00f3n de agentes de riesgo e Implementaci\u00f3n de controles<\/li>\n<li>\u00a0Evaluar con la ayuda de mediciones t\u00e9cnicas, la magnitud de los riesgos para\u00a0determinar su real peligrosidad.<\/li>\n<li>Verificar que los elementos de protecci\u00f3n personal sean los adecuados.<\/li>\n<\/ul>\n<p><b>SEGURIDAD OCUPACIONAL<\/b><\/p>\n<p>Todas aquellas actividades destinadas a la identificaci\u00f3n y control de las causas de los accidentes de trabajo.<br \/>\nPara vivir seguros en tenemos que:<\/p>\n<ul>\n<li>Inspeccionar y comprobar el buen funcionamiento de equipos.<\/li>\n<li>Analizar las causas de los accidentes de trabajo.<\/li>\n<li>Elaborar y actualizar estad\u00edsticas de accidentes de trabajo.<\/li>\n<li>Desarrollar programas de inducci\u00f3n y entrenamiento para prevenir accidentes.<\/li>\n<\/ul>\n<p>&nbsp;<\/p>\n","protected":false},"excerpt":{"rendered":"<p>Es una ciencia que busca proteger y mejorar la salud f\u00edsica, mental, social y espiritual de los trabajadores en sus puestos de trabajo, repercutiendo positivamente en la empresa. Para ello nos encargamos de evaluar y diagnosticar si la entidad cuenta o no, con un programa de salud ocupacional que genere conciencia y traduzca los beneficios&hellip;<\/p>\n","protected":false},"author":9,"featured_media":0,"parent":0,"menu_order":0,"comment_status":"closed","ping_status":"closed","template":"","meta":{"_joinchat":[]},"class_list":["post-36","page","type-page","status-publish","hentry","description-off"],"_links":{"self":[{"href":"https:\/\/asesoriasdye.com.co\/asesorias\/wp-json\/wp\/v2\/pages\/36","targetHints":{"allow":["GET"]}}],"collection":[{"href":"https:\/\/asesoriasdye.com.co\/asesorias\/wp-json\/wp\/v2\/pages"}],"about":[{"href":"https:\/\/asesoriasdye.com.co\/asesorias\/wp-json\/wp\/v2\/types\/page"}],"author":[{"embeddable":true,"href":"https:\/\/asesoriasdye.com.co\/asesorias\/wp-json\/wp\/v2\/users\/9"}],"replies":[{"embeddable":true,"href":"https:\/\/asesoriasdye.com.co\/asesorias\/wp-json\/wp\/v2\/comments?post=36"}],"version-history":[{"count":4,"href":"https:\/\/asesoriasdye.com.co\/asesorias\/wp-json\/wp\/v2\/pages\/36\/revisions"}],"predecessor-version":[{"id":98,"href":"https:\/\/asesoriasdye.com.co\/asesorias\/wp-json\/wp\/v2\/pages\/36\/revisions\/98"}],"wp:attachment":[{"href":"https:\/\/asesoriasdye.com.co\/asesorias\/wp-json\/wp\/v2\/media?parent=36"}],"curies":[{"name":"wp","href":"https:\/\/api.w.org\/{rel}","templated":true}]}}