{"id":42,"date":"2016-07-05T17:46:58","date_gmt":"2016-07-05T17:46:58","guid":{"rendered":"http:\/\/asesoriasdye.com.co\/asesorias\/?page_id=42"},"modified":"2022-01-27T17:24:21","modified_gmt":"2022-01-27T17:24:21","slug":"revisoria-fiscal","status":"publish","type":"page","link":"https:\/\/asesoriasdye.com.co\/asesorias\/revisoria-fiscal\/","title":{"rendered":"Revisoria Fiscal"},"content":{"rendered":"<p><img decoding=\"async\" src=\"http:\/\/lopezauditores.com\/es\/images\/revisoria-fiscal.png\" \/><\/p>\n<p>Realizamos un examen cr\u00edtico y sistem\u00e1tico del sistema de informaci\u00f3n financiera de la sociedad, utilizando t\u00e9cnicas y procedimientos de auditor\u00eda, el cual culmina con la emisi\u00f3n de una opini\u00f3n independiente sobre la razonabilidad de los estados financieros, los cuales autentifica con su firma bajo la figura de la Fe P\u00fablica.\u00a0\u00a0 Adem\u00e1s del examen anterior, se realiza un an\u00e1lisis cr\u00edtico y sistem\u00e1tico del sistema de informaci\u00f3n, que conlleva a la rendici\u00f3n de una opini\u00f3n independiente sobre la gesti\u00f3n administrativa, la correspondencia y el control interno de la sociedad y el apego de las operaciones a la normatividad interna y externa.<\/p>\n<p>La revisor\u00eda fiscal es un \u00f3rgano de fiscalizaci\u00f3n que, en inter\u00e9s de la comunidad, bajo la direcci\u00f3n y responsabilidad del revisor fiscal y con sujeci\u00f3n a las normas de auditor\u00eda generalmente aceptadas, le corresponde dictaminar los estados financieros y revisar y evaluar sistem\u00e1ticamente sus componentes y elementos que integran el control interno, en forma oportuna e independiente en los t\u00e9rminos que le se\u00f1ala la ley, los estatutos y los pronunciamientos profesionales.<\/p>\n<p>&nbsp;<\/p>\n<p>&nbsp;<\/p>\n","protected":false},"excerpt":{"rendered":"<p>Realizamos un examen cr\u00edtico y sistem\u00e1tico del sistema de informaci\u00f3n financiera de la sociedad, utilizando t\u00e9cnicas y procedimientos de auditor\u00eda, el cual culmina con la emisi\u00f3n de una opini\u00f3n independiente sobre la razonabilidad de los estados financieros, los cuales autentifica con su firma bajo la figura de la Fe P\u00fablica.\u00a0\u00a0 Adem\u00e1s del examen anterior, se&hellip;<\/p>\n","protected":false},"author":9,"featured_media":0,"parent":0,"menu_order":0,"comment_status":"closed","ping_status":"closed","template":"","meta":{"_joinchat":[]},"class_list":["post-42","page","type-page","status-publish","hentry","description-off"],"_links":{"self":[{"href":"https:\/\/asesoriasdye.com.co\/asesorias\/wp-json\/wp\/v2\/pages\/42","targetHints":{"allow":["GET"]}}],"collection":[{"href":"https:\/\/asesoriasdye.com.co\/asesorias\/wp-json\/wp\/v2\/pages"}],"about":[{"href":"https:\/\/asesoriasdye.com.co\/asesorias\/wp-json\/wp\/v2\/types\/page"}],"author":[{"embeddable":true,"href":"https:\/\/asesoriasdye.com.co\/asesorias\/wp-json\/wp\/v2\/users\/9"}],"replies":[{"embeddable":true,"href":"https:\/\/asesoriasdye.com.co\/asesorias\/wp-json\/wp\/v2\/comments?post=42"}],"version-history":[{"count":4,"href":"https:\/\/asesoriasdye.com.co\/asesorias\/wp-json\/wp\/v2\/pages\/42\/revisions"}],"predecessor-version":[{"id":80,"href":"https:\/\/asesoriasdye.com.co\/asesorias\/wp-json\/wp\/v2\/pages\/42\/revisions\/80"}],"wp:attachment":[{"href":"https:\/\/asesoriasdye.com.co\/asesorias\/wp-json\/wp\/v2\/media?parent=42"}],"curies":[{"name":"wp","href":"https:\/\/api.w.org\/{rel}","templated":true}]}}