{"id":48,"date":"2016-07-05T17:47:48","date_gmt":"2016-07-05T17:47:48","guid":{"rendered":"http:\/\/asesoriasdye.com.co\/asesorias\/?page_id=48"},"modified":"2022-01-27T17:24:21","modified_gmt":"2022-01-27T17:24:21","slug":"auditoria-forense","status":"publish","type":"page","link":"https:\/\/asesoriasdye.com.co\/asesorias\/auditoria-forense\/","title":{"rendered":"Auditor\u00eda Forense"},"content":{"rendered":"<p><img decoding=\"async\" src=\"http:\/\/2.bp.blogspot.com\/-SWF1uA83xuA\/VByEK-pvhcI\/AAAAAAAAERU\/K-ExodsoiDQ\/s1600\/Auditor%C3%ADa%2BForense.png\" \/><\/p>\n<p style=\"text-align: justify;\">Se encarga de evaluar la procedencia de los recursos econ\u00f3micos y emplea herramientas para la detecci\u00f3n de fraudes en las empresas y sistema financiero. Adopta medidas de control para prevenir el lavado de activos, delitos de cuello blanco, blanqueo de capitales y regula la actuaci\u00f3n de los funcionarios p\u00fablicos y privados frente a la administraci\u00f3n de los recursos econ\u00f3micos del Estado.<\/p>\n","protected":false},"excerpt":{"rendered":"<p>Se encarga de evaluar la procedencia de los recursos econ\u00f3micos y emplea herramientas para la detecci\u00f3n de fraudes en las empresas y sistema financiero. Adopta medidas de control para prevenir el lavado de activos, delitos de cuello blanco, blanqueo de capitales y regula la actuaci\u00f3n de los funcionarios p\u00fablicos y privados frente a la administraci\u00f3n&hellip;<\/p>\n","protected":false},"author":9,"featured_media":0,"parent":0,"menu_order":0,"comment_status":"closed","ping_status":"closed","template":"","meta":{"_joinchat":[]},"class_list":["post-48","page","type-page","status-publish","hentry","description-off"],"_links":{"self":[{"href":"https:\/\/asesoriasdye.com.co\/asesorias\/wp-json\/wp\/v2\/pages\/48","targetHints":{"allow":["GET"]}}],"collection":[{"href":"https:\/\/asesoriasdye.com.co\/asesorias\/wp-json\/wp\/v2\/pages"}],"about":[{"href":"https:\/\/asesoriasdye.com.co\/asesorias\/wp-json\/wp\/v2\/types\/page"}],"author":[{"embeddable":true,"href":"https:\/\/asesoriasdye.com.co\/asesorias\/wp-json\/wp\/v2\/users\/9"}],"replies":[{"embeddable":true,"href":"https:\/\/asesoriasdye.com.co\/asesorias\/wp-json\/wp\/v2\/comments?post=48"}],"version-history":[{"count":3,"href":"https:\/\/asesoriasdye.com.co\/asesorias\/wp-json\/wp\/v2\/pages\/48\/revisions"}],"predecessor-version":[{"id":181,"href":"https:\/\/asesoriasdye.com.co\/asesorias\/wp-json\/wp\/v2\/pages\/48\/revisions\/181"}],"wp:attachment":[{"href":"https:\/\/asesoriasdye.com.co\/asesorias\/wp-json\/wp\/v2\/media?parent=48"}],"curies":[{"name":"wp","href":"https:\/\/api.w.org\/{rel}","templated":true}]}}