{"id":524,"date":"2022-01-27T17:07:40","date_gmt":"2022-01-27T17:07:40","guid":{"rendered":"https:\/\/asesoriasdye.com.co\/asesorias\/?page_id=524"},"modified":"2022-01-27T17:51:00","modified_gmt":"2022-01-27T17:51:00","slug":"debo-declarar-renta-en-2022","status":"publish","type":"page","link":"https:\/\/asesoriasdye.com.co\/asesorias\/debo-declarar-renta-en-2022\/","title":{"rendered":"Debo declarar renta en 2022?"},"content":{"rendered":"<p>[vc_row full_width=\u00bbstretch_row\u00bb bg_type=\u00bbbg_color\u00bb css=\u00bb.vc_custom_1643305858180{margin-top: -70px !important;background-color: #f9f9f9 !important;}\u00bb bg_color_value=\u00bbrgba(221,122,122,0.12)\u00bb][vc_column width=\u00bb1\/2&#8243;][vc_empty_space][vc_column_text]<\/p>\n<h2 style=\"text-align: justify;\">\u00bfQu\u00e9 es la Declaraci\u00f3n de renta?<\/h2>\n<div class=\"text-block-23\" style=\"text-align: justify;\">Antes de saber qu\u00e9 significa declarar renta es importante explicar el concepto de impuesto sobre la renta. El impuesto sobre la renta es un cargo que las personas naturales, sean empleados o independientes, deben pagar al Estado teniendo en cuenta sus ganancias, salarios, comisiones y otros ingresos generados durante el a\u00f1o anterior.\u00a0Entonces la declaraci\u00f3n de renta es, b\u00e1sicamente, la informaci\u00f3n que t\u00fa debes presentar a la DIAN para que esta entidad haga el c\u00e1lculo del valor que debes pagar de impuesto sobre la renta, bas\u00e1ndose en tu situaci\u00f3n financiera.<\/div>\n<div><\/div>\n<p>[\/vc_column_text][vc_empty_space][vc_column_text]<\/p>\n<div>\n<ul style=\"text-align: justify;\" role=\"list\">\n<li class=\"list-item\">La declaraci\u00f3n de renta se presenta teniendo en cuenta las transacciones econ\u00f3micas del a\u00f1o anterior; es decir que en el 2022 tu declaraci\u00f3n de renta ser\u00e1 elaborada a partir de los movimientos realizados durante todo el 2021.<\/li>\n<\/ul>\n<p>&nbsp;<\/p>\n<ul style=\"text-align: justify;\" role=\"list\">\n<li class=\"list-item-2\">La declaraci\u00f3n de renta no solo contiene informaci\u00f3n de inter\u00e9s para la DIAN, sino tambi\u00e9n para ti como declarante, pues podr\u00e1s enterarte de todas tus actividades econ\u00f3micas como cu\u00e1nto\u00a0 ganaste (ingresos), qu\u00e9 tienes (activos), cu\u00e1nto debes (pasivos) y cu\u00e1nto fueron tus consumos (gastos y costos) desde el 1 de enero al 31 de diciembre de 2021.<\/li>\n<\/ul>\n<\/div>\n<p>[\/vc_column_text][\/vc_column][vc_column width=\u00bb1\/2&#8243;][vc_empty_space]\n<div class=\"wpcf7 no-js\" id=\"wpcf7-f540-o1\" lang=\"es-ES\" dir=\"ltr\" data-wpcf7-id=\"540\">\n<div class=\"screen-reader-response\"><p role=\"status\" aria-live=\"polite\" aria-atomic=\"true\"><\/p> <ul><\/ul><\/div>\n<form action=\"\/asesorias\/wp-json\/wp\/v2\/pages\/524#wpcf7-f540-o1\" method=\"post\" class=\"wpcf7-form init\" aria-label=\"Formulario de contacto\" novalidate=\"novalidate\" data-status=\"init\">\n<fieldset class=\"hidden-fields-container\"><input type=\"hidden\" name=\"_wpcf7\" value=\"540\" \/><input type=\"hidden\" name=\"_wpcf7_version\" value=\"6.1.5\" \/><input type=\"hidden\" name=\"_wpcf7_locale\" value=\"es_ES\" \/><input type=\"hidden\" name=\"_wpcf7_unit_tag\" value=\"wpcf7-f540-o1\" \/><input type=\"hidden\" name=\"_wpcf7_container_post\" value=\"0\" \/><input type=\"hidden\" name=\"_wpcf7_posted_data_hash\" value=\"\" \/><input type=\"hidden\" name=\"_wpcf7_recaptcha_response\" value=\"\" \/>\n<\/fieldset>\n<p><b>\u00bfTuviste ingresos superiores a $50'831.000 durante el 2021?<\/b>\n<\/p>\n<p>Si no tuviste ingresos extras, equivale a un salario de aproximadamente $4.236,000 mensuales m\u00e1s prestaciones legales.<br \/>\n<span class=\"wpcf7-form-control-wrap\" data-name=\"radio-191\"><span class=\"wpcf7-form-control wpcf7-radio\"><span class=\"wpcf7-list-item first\"><label><input type=\"radio\" name=\"radio-191\" value=\"Escoja Opci\u00f3n\" checked=\"checked\" \/><span class=\"wpcf7-list-item-label\">Escoja Opci\u00f3n<\/span><\/label><\/span><span class=\"wpcf7-list-item\"><label><input type=\"radio\" name=\"radio-191\" value=\"NO\" \/><span class=\"wpcf7-list-item-label\">NO<\/span><\/label><\/span><span class=\"wpcf7-list-item last\"><label><input type=\"radio\" name=\"radio-191\" value=\"SI\" \/><span class=\"wpcf7-list-item-label\">SI<\/span><\/label><\/span><\/span><\/span>\n<\/p>\n<p>--------------------------------------\n<\/p>\n<p><b>\u00bfEl valor de tus bienes superaba $163'386.000 pesos a diciembre 31 de 2020?<\/b>\n<\/p>\n<p>Debes considerar bienes como tu vivienda, ahorros e inversiones, entre otros.<br \/>\n<span class=\"wpcf7-form-control-wrap\" data-name=\"radio-192\"><span class=\"wpcf7-form-control wpcf7-radio\"><span class=\"wpcf7-list-item first\"><label><input type=\"radio\" name=\"radio-192\" value=\"Escoja Opci\u00f3n\" checked=\"checked\" \/><span class=\"wpcf7-list-item-label\">Escoja Opci\u00f3n<\/span><\/label><\/span><span class=\"wpcf7-list-item\"><label><input type=\"radio\" name=\"radio-192\" value=\"NO\" \/><span class=\"wpcf7-list-item-label\">NO<\/span><\/label><\/span><span class=\"wpcf7-list-item last\"><label><input type=\"radio\" name=\"radio-192\" value=\"SI\" \/><span class=\"wpcf7-list-item-label\">SI<\/span><\/label><\/span><\/span><\/span>\n<\/p>\n<p>NOMBRE<br \/>\n<span class=\"wpcf7-form-control-wrap\" data-name=\"text-757\"><input size=\"40\" maxlength=\"400\" class=\"wpcf7-form-control wpcf7-text wpcf7-validates-as-required\" aria-required=\"true\" aria-invalid=\"false\" placeholder=\"Nombre\" value=\"\" type=\"text\" name=\"text-757\" \/><\/span>\n<\/p>\n<p>APELLIDO<br \/>\n<span class=\"wpcf7-form-control-wrap\" data-name=\"text-758\"><input size=\"40\" maxlength=\"400\" class=\"wpcf7-form-control wpcf7-text wpcf7-validates-as-required\" aria-required=\"true\" aria-invalid=\"false\" placeholder=\"Apellido\" value=\"\" type=\"text\" name=\"text-758\" \/><\/span>\n<\/p>\n<p>CORREO<br \/>\n<span class=\"wpcf7-form-control-wrap\" data-name=\"email-193\"><input size=\"40\" maxlength=\"400\" class=\"wpcf7-form-control wpcf7-email wpcf7-validates-as-required wpcf7-text wpcf7-validates-as-email\" aria-required=\"true\" aria-invalid=\"false\" placeholder=\"Ingresa su correo electr\u00f3nico\" value=\"\" type=\"email\" name=\"email-193\" \/><\/span>\n<\/p>\n<p><input class=\"wpcf7-form-control wpcf7-submit has-spinner\" type=\"submit\" value=\"ENVIAR\" \/>\n<\/p><div class=\"wpcf7-response-output\" aria-hidden=\"true\"><\/div>\n<\/form>\n<\/div>\n[\/vc_column][\/vc_row][vc_row][vc_column][vc_column_text]<\/p>\n<div class=\"text-block-22\" style=\"text-align: justify;\">Es importante saber tambi\u00e9n que no todas las personas naturales est\u00e1n obligadas declarar renta. A continuaci\u00f3n te contamos porqu\u00e9.<\/div>\n<h2 class=\"heading-40\" style=\"text-align: justify;\">\u00bfC\u00f3mo saber si debo declarar renta en 2022?<\/h2>\n<div class=\"text-block-24\" style=\"text-align: justify;\">\n<p>La DIAN establece en cada a\u00f1o tributario unos topes para la declaraci\u00f3n de renta en Colombia, relacionados con tus ingresos, bienes, compras, consumos, consignaciones y transferencias del a\u00f1o anterior.<\/p>\n<p>La norma establece que no est\u00e1n obligados a declarar renta los asalariados que no sean responsables del impuesto a las ventas (IVA), cuyos ingresos brutos provengan por lo menos en un 80 por ciento (80%) de pagos originados en una relaci\u00f3n laboral, siempre y cuando en relaci\u00f3n con el a\u00f1o gravable 2021, se cumplan la totalidad de los requisitos que te explicaremos a continuaci\u00f3n.<\/p>\n<\/div>\n<h2 class=\"heading-40\" style=\"text-align: justify;\">Topes para declarar renta en 2022<\/h2>\n<div class=\"text-block-24\" style=\"text-align: justify;\">Todas las personas naturales que cumplan con alguna de las siguientes condiciones deben declarar el impuesto sobre la renta 2022:<\/div>\n<ul class=\"list\" style=\"text-align: justify;\" role=\"list\">\n<li class=\"list-item-3\">Que el patrimonio bruto al t\u00e9rmino del a\u00f1o gravable 2021 sea igual o superior a $163.386.000<\/li>\n<li class=\"list-item-3\">Que los ingresos totales del respectivo ejercicio gravable sean iguales o superiores a $50.831.000<\/li>\n<li class=\"list-item-3\">Que los consumos mediante tarjeta de cr\u00e9dito sean iguales o superiores a $50.831.000<\/li>\n<li class=\"list-item-3\">Que el valor total de las compras y consumos sean igual o superior a $50.831.000<\/li>\n<li class=\"list-item-3\">Que el valor total acumulado de consignaciones bancarias, dep\u00f3sitos o inversiones financieras sean igual o superior a\u00a0 $50.831.000<\/li>\n<\/ul>\n<div class=\"text-block-24\" style=\"text-align: justify;\">Con base en estos datos, podr\u00e1s saber si debes declarar o no en el 2022.<\/div>\n<h3 class=\"heading-40\" style=\"text-align: justify;\">\u00bfEn qu\u00e9 fecha debo presentar mi declaraci\u00f3n de renta en 2022?<\/h3>\n<div class=\"text-block-24\" style=\"text-align: justify;\">\n<p>Para la declaraci\u00f3n de renta de personas naturales en Colombia, lo primero es tener en cuenta el calendario tributario de la DIAN 2022. Entre el 09 de agosto y el 19 de octubre de 2022 vencen los plazos para que las personas naturales presenten su impuesto de renta del a\u00f1o gravable 2021.<\/p>\n<p>El plazo para presentar la declaraci\u00f3n y cancelar en un sola cuota vence en las fechas que se indican a continuaci\u00f3n, teniendo en cuenta los dos \u00faltimos d\u00edgitos del NIT del declarante que conste en el RUT, sin tener en cuenta el d\u00edgito de verificaci\u00f3n. Es muy importante hacerlo antes de la fecha indicada y as\u00ed evitar posibles multas.<\/p>\n<\/div>\n<div class=\"text-block-24\" style=\"text-align: justify;\"><\/div>\n<div class=\"html-embed-11 w-embed\" style=\"text-align: justify;\">\n<table>\n<colgroup>\n<col \/>\n<col \/><\/colgroup>\n<tbody>\n<tr>\n<th>\u00daltimos d\u00edgitos de tu NIT<\/th>\n<th>Fecha l\u00edmite para declarar<\/th>\n<\/tr>\n<tr>\n<td>01 y 02<\/td>\n<td>09 de agosto del 2022<\/td>\n<\/tr>\n<tr>\n<td>03 y 04<\/td>\n<td>10 de agosto del 2022<\/td>\n<\/tr>\n<tr>\n<td>05 y 06<\/td>\n<td>11 de agosto del 2022<\/td>\n<\/tr>\n<tr>\n<td>07 y 08<\/td>\n<td>12 de agosto del 2022<\/td>\n<\/tr>\n<tr>\n<td>09 y 10<\/td>\n<td>16 de agosto del 2022<\/td>\n<\/tr>\n<tr>\n<td>11 y 12<\/td>\n<td>17 de agosto del 2022<\/td>\n<\/tr>\n<tr>\n<td>13 y 14<\/td>\n<td>18 de agosto del 2022<\/td>\n<\/tr>\n<tr>\n<td>15 y 16<\/td>\n<td>19 de agosto del 2022<\/td>\n<\/tr>\n<tr>\n<td>17 y 18<\/td>\n<td>22 de agosto del 2022<\/td>\n<\/tr>\n<tr>\n<td>19 y 20<\/td>\n<td>23 de agosto del 2022<\/td>\n<\/tr>\n<tr>\n<td>21 y 22<\/td>\n<td>24 de agosto del 2022<\/td>\n<\/tr>\n<tr>\n<td>23 y 24<\/td>\n<td>25 de agosto del 2022<\/td>\n<\/tr>\n<tr>\n<td>25 y 26<\/td>\n<td>26 de agosto del 2022<\/td>\n<\/tr>\n<tr>\n<td>27 y 28<\/td>\n<td>29 de agosto del 2022<\/td>\n<\/tr>\n<tr>\n<td>29 y 30<\/td>\n<td>30 de agosto del 2022<\/td>\n<\/tr>\n<tr>\n<td>31 y 32<\/td>\n<td>31 de agosto del 2022<\/td>\n<\/tr>\n<tr>\n<td>33 y 34<\/td>\n<td>1 de septiembre del 2022<\/td>\n<\/tr>\n<tr>\n<td>35 y 36<\/td>\n<td>2 de septiembre del 2022<\/td>\n<\/tr>\n<tr>\n<td>37 y 38<\/td>\n<td>5 de septiembre del 2022<\/td>\n<\/tr>\n<tr>\n<td>39 y 40<\/td>\n<td>6 de septiembre del 2022<\/td>\n<\/tr>\n<tr>\n<td>41 y 42<\/td>\n<td>7 de septiembre del 2022<\/td>\n<\/tr>\n<tr>\n<td>43 y 44<\/td>\n<td>8 de septiembre del 2022<\/td>\n<\/tr>\n<tr>\n<td>45 y 46<\/td>\n<td>9 de septiembre del 2022<\/td>\n<\/tr>\n<tr>\n<td>47 y 48<\/td>\n<td>12 de septiembre del 2022<\/td>\n<\/tr>\n<tr>\n<td>49 y 50<\/td>\n<td>13 de septiembre del 2022<\/td>\n<\/tr>\n<tr>\n<td>51 y 52<\/td>\n<td>14 de septiembre del 2022<\/td>\n<\/tr>\n<tr>\n<td>53 y 54<\/td>\n<td>15 de septiembre del 2022<\/td>\n<\/tr>\n<tr>\n<td>55 y 56<\/td>\n<td>16 de septiembre del 2022<\/td>\n<\/tr>\n<tr>\n<td>57 y 58<\/td>\n<td>19 de septiembre del 2022<\/td>\n<\/tr>\n<tr>\n<td>59 y 60<\/td>\n<td>20 de septiembre del 2022<\/td>\n<\/tr>\n<tr>\n<td>61 y 62<\/td>\n<td>21 de septiembre del 2022<\/td>\n<\/tr>\n<tr>\n<td>63 y 64<\/td>\n<td>22 de septiembre del 2022<\/td>\n<\/tr>\n<tr>\n<td>65 y 66<\/td>\n<td>23 de septiembre del 2022<\/td>\n<\/tr>\n<tr>\n<td>67 y 68<\/td>\n<td>26 de septiembre del 2022<\/td>\n<\/tr>\n<tr>\n<td>69 y 70<\/td>\n<td>27 de septiembre del 2022<\/td>\n<\/tr>\n<tr>\n<td>71 y 72<\/td>\n<td>28 de septiembre del 2022<\/td>\n<\/tr>\n<tr>\n<td>73 y 74<\/td>\n<td>29 de septiembre del 2022<\/td>\n<\/tr>\n<tr>\n<td>75 y 76<\/td>\n<td>30 de septiembre del 2022<\/td>\n<\/tr>\n<tr>\n<td>77 y 78<\/td>\n<td>3 de octubre del 2022<\/td>\n<\/tr>\n<tr>\n<td>79 y 80<\/td>\n<td>4 de octubre del 2022<\/td>\n<\/tr>\n<tr>\n<td>81 y 82<\/td>\n<td>5 de octubre del 2022<\/td>\n<\/tr>\n<tr>\n<td>83 y 84<\/td>\n<td>6 de octubre del 2022<\/td>\n<\/tr>\n<tr>\n<td>85 y 86<\/td>\n<td>7 de octubre del 2022<\/td>\n<\/tr>\n<tr>\n<td>87 y 88<\/td>\n<td>10 de octubre del 2022<\/td>\n<\/tr>\n<tr>\n<td>89 y 90<\/td>\n<td>11 de octubre del 2022<\/td>\n<\/tr>\n<tr>\n<td>91 y 92<\/td>\n<td>12 de octubre del 2022<\/td>\n<\/tr>\n<tr>\n<td>93 y 94<\/td>\n<td>13 de octubre del 2022<\/td>\n<\/tr>\n<tr>\n<td>95 y 96<\/td>\n<td>14 de octubre del 2022<\/td>\n<\/tr>\n<tr>\n<td>97 y 98<\/td>\n<td>18 de octubre del 2022<\/td>\n<\/tr>\n<tr>\n<td>99 y 00<\/td>\n<td>19 de octubre del 2022<\/td>\n<\/tr>\n<\/tbody>\n<\/table>\n<\/div>\n<h3 class=\"heading-40\" style=\"text-align: justify;\">\u00bfQu\u00e9 pasa si no presento mi declaraci\u00f3n de renta o la presento tarde?<\/h3>\n<div class=\"text-block-24\" style=\"text-align: justify;\">Al ser un deber decretado por ley, las personas naturales que no declaren renta o lo hagan fuera de la fecha establecida tendr\u00e1n sanciones.<\/div>\n<ul class=\"list-2\" role=\"list\">\n<li class=\"list-item-4\" style=\"text-align: justify;\">Si presentas tu declaraci\u00f3n de renta despu\u00e9s de tu fecha l\u00edmite, tendr\u00e1s que pagar una sanci\u00f3n por declarar tarde, conocida como sanci\u00f3n por extemporaneidad. Esta sanci\u00f3n equivale al 5% de tu impuesto a cargo y aumenta con cada mes o fracci\u00f3n de mes que pase entre la fecha l\u00edmite de pago y la fecha en la cual se presente la declaraci\u00f3n de renta.<\/li>\n<li class=\"list-item-5\" style=\"text-align: justify;\">La sanci\u00f3n m\u00ednima que se pagar\u00e1 en 2022 por las obligaciones incumplidas o mal cumplidas con la DIAN es de $380.000. Es decir que solo por declarar un d\u00eda tarde, ya tendr\u00edas que asumir este valor, incluso si tu declaraci\u00f3n de renta arroja un valor a pagar de cero.<\/li>\n<li class=\"list-item-6\" style=\"text-align: justify;\">Te ser\u00e1 enviado un mensaje de advertencia, notificando que cuentas con un mes m\u00e1ximo para realizar el pago correspondiente al monto del impuesto, de no ser cumplido este plazo se le anexara un 10%, articulo 642 de la ley establecida.<\/li>\n<li class=\"list-item-7\" style=\"text-align: justify;\">De no declarar impuestos sobre la renta en ninguno de los casos anteriores se le sumar\u00e1 un 20% como sanci\u00f3n en base a el valor de sus consignaciones bancarias o bien los ingresos brutos de la persona, esto se dar\u00e1 en relaci\u00f3n al periodo en el que el mismo no declaro impuestos o en relaci\u00f3n a los ingresos de la \u00faltima declaraci\u00f3n que ha realizado, articulo 643 de la ley establecida.<\/li>\n<\/ul>\n<p>[\/vc_column_text][\/vc_column][\/vc_row]<\/p>\n","protected":false},"excerpt":{"rendered":"<p>[vc_row full_width=\u00bbstretch_row\u00bb bg_type=\u00bbbg_color\u00bb css=\u00bb.vc_custom_1643305858180{margin-top: -70px !important;background-color: #f9f9f9 !important;}\u00bb bg_color_value=\u00bbrgba(221,122,122,0.12)\u00bb][vc_column width=\u00bb1\/2&#8243;][vc_empty_space][vc_column_text] \u00bfQu\u00e9 es la Declaraci\u00f3n de renta? Antes de saber qu\u00e9 significa declarar renta es importante explicar el concepto de impuesto sobre la renta. El impuesto sobre la renta es un cargo que las personas naturales, sean empleados o independientes, deben pagar al Estado teniendo en&hellip;<\/p>\n","protected":false},"author":3,"featured_media":0,"parent":0,"menu_order":0,"comment_status":"closed","ping_status":"closed","template":"","meta":{"_joinchat":[]},"class_list":["post-524","page","type-page","status-publish","hentry","description-off"],"_links":{"self":[{"href":"https:\/\/asesoriasdye.com.co\/asesorias\/wp-json\/wp\/v2\/pages\/524","targetHints":{"allow":["GET"]}}],"collection":[{"href":"https:\/\/asesoriasdye.com.co\/asesorias\/wp-json\/wp\/v2\/pages"}],"about":[{"href":"https:\/\/asesoriasdye.com.co\/asesorias\/wp-json\/wp\/v2\/types\/page"}],"author":[{"embeddable":true,"href":"https:\/\/asesoriasdye.com.co\/asesorias\/wp-json\/wp\/v2\/users\/3"}],"replies":[{"embeddable":true,"href":"https:\/\/asesoriasdye.com.co\/asesorias\/wp-json\/wp\/v2\/comments?post=524"}],"version-history":[{"count":19,"href":"https:\/\/asesoriasdye.com.co\/asesorias\/wp-json\/wp\/v2\/pages\/524\/revisions"}],"predecessor-version":[{"id":532,"href":"https:\/\/asesoriasdye.com.co\/asesorias\/wp-json\/wp\/v2\/pages\/524\/revisions\/532"}],"wp:attachment":[{"href":"https:\/\/asesoriasdye.com.co\/asesorias\/wp-json\/wp\/v2\/media?parent=524"}],"curies":[{"name":"wp","href":"https:\/\/api.w.org\/{rel}","templated":true}]}}