{"id":591,"date":"2022-02-20T17:12:34","date_gmt":"2022-02-20T17:12:34","guid":{"rendered":"https:\/\/asesoriasdye.com.co\/asesorias\/?page_id=591"},"modified":"2022-02-20T17:12:34","modified_gmt":"2022-02-20T17:12:34","slug":"entidades-juridicas","status":"publish","type":"page","link":"https:\/\/asesoriasdye.com.co\/asesorias\/entidades-juridicas\/","title":{"rendered":"Entidades jur\u00eddicas"},"content":{"rendered":"<p>[vc_row][vc_column width=\u00bb1\/2&#8243;][vc_column_text]<\/p>\n<ul>\n<li>Elaboraci\u00f3n y reporte de informaci\u00f3n ex\u00f3gena Dian<\/li>\n<li>Implementaci\u00f3n centros de costos<\/li>\n<li>Constituci\u00f3n de sociedades Celular<\/li>\n<li>Renovaci\u00f3n ante c\u00e1mara de comercio<\/li>\n<li>Revisor\u00eda fiscal<\/li>\n<li>Auditoria forense &#8211; Control interno y Auditoria financiera externa<\/li>\n<li>Implementaci\u00f3n facturaci\u00f3n electr\u00f3nica y documento soporte<\/li>\n<li>Nomina Electr\u00f3nica<\/li>\n<li>Liquidaci\u00f3n de prestaciones sociales<\/li>\n<li>Tramites de inscripci\u00f3n y renovaci\u00f3n de Proponentes para contrataci\u00f3n estatal<\/li>\n<li>Reporte a SuperSociedades &#8211; Supersalud e informes chip Contralor\u00eda<\/li>\n<li>Declaraciones de rentas para entidades jur\u00eddicas.<\/li>\n<li>Tramites solicitud saldos a favor ante la Dian<\/li>\n<li>Brindamos asesor\u00edas como defensor del contribuyente ante controversias con la Dian<\/li>\n<li>Solicitud de permanencia r\u00e9gimen tributario especial &#8211; Actualizaci\u00f3n y Calificaci\u00f3n<\/li>\n<\/ul>\n<p>Somos su equipo de apoyo y le asistimos en cualquier \u00e1rea; contamos con personal id\u00f3neo y calificada experiencia.[\/vc_column_text][\/vc_column][vc_column width=\u00bb1\/2&#8243;]\n<div class=\"wpcf7 no-js\" id=\"wpcf7-f204-o1\" lang=\"es-ES\" dir=\"ltr\" data-wpcf7-id=\"204\">\n<div class=\"screen-reader-response\"><p role=\"status\" aria-live=\"polite\" aria-atomic=\"true\"><\/p> <ul><\/ul><\/div>\n<form action=\"\/asesorias\/wp-json\/wp\/v2\/pages\/591#wpcf7-f204-o1\" method=\"post\" class=\"wpcf7-form init\" aria-label=\"Formulario de contacto\" enctype=\"multipart\/form-data\" novalidate=\"novalidate\" data-status=\"init\">\n<fieldset class=\"hidden-fields-container\"><input type=\"hidden\" name=\"_wpcf7\" value=\"204\" \/><input type=\"hidden\" name=\"_wpcf7_version\" value=\"6.1.5\" \/><input type=\"hidden\" name=\"_wpcf7_locale\" value=\"es_ES\" \/><input type=\"hidden\" name=\"_wpcf7_unit_tag\" value=\"wpcf7-f204-o1\" \/><input type=\"hidden\" name=\"_wpcf7_container_post\" value=\"0\" \/><input type=\"hidden\" name=\"_wpcf7_posted_data_hash\" value=\"\" \/><input type=\"hidden\" name=\"_wpcf7_recaptcha_response\" value=\"\" \/>\n<\/fieldset>\n<h5><label>Asunto<\/label>\n<\/h5>\n<p><span class=\"wpcf7-form-control-wrap\" data-name=\"Dependencia\"><span class=\"wpcf7-form-control wpcf7-radio\"><span class=\"wpcf7-list-item first\"><span class=\"wpcf7-list-item-label\">Servicio al cliente<\/span><input type=\"radio\" name=\"Dependencia\" value=\"Servicio al cliente\" checked=\"checked\" \/><\/span><span class=\"wpcf7-list-item\"><span class=\"wpcf7-list-item-label\">Soporte<\/span><input type=\"radio\" name=\"Dependencia\" value=\"Soporte\" \/><\/span><span class=\"wpcf7-list-item last\"><span class=\"wpcf7-list-item-label\">PQR<\/span><input type=\"radio\" name=\"Dependencia\" value=\"PQR\" \/><\/span><\/span><\/span>\n<\/p>\n<h5>Correo electr\u00f3nico\n<\/h5>\n<p><label><span class=\"wpcf7-form-control-wrap\" data-name=\"email-112\"><input size=\"40\" maxlength=\"400\" class=\"wpcf7-form-control wpcf7-email wpcf7-validates-as-required wpcf7-text wpcf7-validates-as-email\" aria-required=\"true\" aria-invalid=\"false\" value=\"\" type=\"email\" name=\"email-112\" \/><\/span> <\/label>\n<\/p>\n<h5><label> Archivo adjunto solo en PDF<\/label>\n<\/h5>\n<p><label><span class=\"wpcf7-form-control-wrap\" data-name=\"Archivoadjunto\"><input size=\"40\" class=\"wpcf7-form-control wpcf7-file wpcf7-validates-as-required\" accept=\"audio\/*,video\/*,image\/*\" aria-required=\"true\" aria-invalid=\"false\" type=\"file\" name=\"Archivoadjunto\" \/><\/span> <\/label>\n<\/p>\n<h5><label> Su Mensaje<\/label>\n<\/h5>\n<p><label><span class=\"wpcf7-form-control-wrap\" data-name=\"your-message\"><textarea cols=\"40\" rows=\"3\" maxlength=\"1000\" class=\"wpcf7-form-control wpcf7-textarea\" aria-invalid=\"false\" name=\"your-message\"><\/textarea><\/span> <\/label>\n<\/p>\n<p><input class=\"wpcf7-form-control wpcf7-submit has-spinner\" type=\"submit\" value=\"ENVIAR FORMULARIO\" \/>\n<\/p><div class=\"wpcf7-response-output\" aria-hidden=\"true\"><\/div>\n<\/form>\n<\/div>\n[\/vc_column][\/vc_row]<\/p>\n","protected":false},"excerpt":{"rendered":"<p>[vc_row][vc_column width=\u00bb1\/2&#8243;][vc_column_text] Elaboraci\u00f3n y reporte de informaci\u00f3n ex\u00f3gena Dian Implementaci\u00f3n centros de costos Constituci\u00f3n de sociedades Celular Renovaci\u00f3n ante c\u00e1mara de comercio Revisor\u00eda fiscal Auditoria forense &#8211; Control interno y Auditoria financiera externa Implementaci\u00f3n facturaci\u00f3n electr\u00f3nica y documento soporte Nomina Electr\u00f3nica Liquidaci\u00f3n de prestaciones sociales Tramites de inscripci\u00f3n y renovaci\u00f3n de Proponentes para contrataci\u00f3n estatal&hellip;<\/p>\n","protected":false},"author":3,"featured_media":0,"parent":0,"menu_order":0,"comment_status":"closed","ping_status":"closed","template":"","meta":{"_joinchat":[]},"class_list":["post-591","page","type-page","status-publish","hentry","description-off"],"_links":{"self":[{"href":"https:\/\/asesoriasdye.com.co\/asesorias\/wp-json\/wp\/v2\/pages\/591","targetHints":{"allow":["GET"]}}],"collection":[{"href":"https:\/\/asesoriasdye.com.co\/asesorias\/wp-json\/wp\/v2\/pages"}],"about":[{"href":"https:\/\/asesoriasdye.com.co\/asesorias\/wp-json\/wp\/v2\/types\/page"}],"author":[{"embeddable":true,"href":"https:\/\/asesoriasdye.com.co\/asesorias\/wp-json\/wp\/v2\/users\/3"}],"replies":[{"embeddable":true,"href":"https:\/\/asesoriasdye.com.co\/asesorias\/wp-json\/wp\/v2\/comments?post=591"}],"version-history":[{"count":1,"href":"https:\/\/asesoriasdye.com.co\/asesorias\/wp-json\/wp\/v2\/pages\/591\/revisions"}],"predecessor-version":[{"id":592,"href":"https:\/\/asesoriasdye.com.co\/asesorias\/wp-json\/wp\/v2\/pages\/591\/revisions\/592"}],"wp:attachment":[{"href":"https:\/\/asesoriasdye.com.co\/asesorias\/wp-json\/wp\/v2\/media?parent=591"}],"curies":[{"name":"wp","href":"https:\/\/api.w.org\/{rel}","templated":true}]}}