{"id":672,"date":"2022-05-09T16:21:06","date_gmt":"2022-05-09T16:21:06","guid":{"rendered":"https:\/\/asesoriasdye.com.co\/asesorias\/?page_id=672"},"modified":"2022-05-09T19:19:52","modified_gmt":"2022-05-09T19:19:52","slug":"oficina-virtual","status":"publish","type":"page","link":"https:\/\/asesoriasdye.com.co\/asesorias\/oficina-virtual\/","title":{"rendered":"Oficina virtual"},"content":{"rendered":"<p>[vc_row css=\u00bb.vc_custom_1652114161513{margin-top: -70px !important;}\u00bb][vc_column]\n\t\t\t<!-- START sliderpiemse1 REVOLUTION SLIDER 6.4.11 --><p class=\"rs-p-wp-fix\"><\/p>\n\t\t\t<rs-module-wrap id=\"rev_slider_3_1_wrapper\" data-source=\"gallery\" style=\"background:transparent;padding:0;margin:0px auto;margin-top:0;margin-bottom:0;\">\n\t\t\t\t<rs-module id=\"rev_slider_3_1\" style=\"\" data-version=\"6.4.11\">\n\t\t\t\t\t<rs-slides>\n\t\t\t\t\t\t<rs-slide data-key=\"rs-3\" data-title=\"Slide\" data-in=\"o:0;\" data-out=\"a:false;\">\n\t\t\t\t\t\t\t<img loading=\"lazy\" decoding=\"async\" src=\"\/\/asesoriasdye.com.co\/asesorias\/wp-content\/uploads\/2022\/05\/banner2.jpg\" title=\"banner2\" width=\"1900\" height=\"700\" class=\"rev-slidebg tp-rs-img\" data-parallax=\"off\" data-panzoom=\"d:10000;ss:100;se:120;\" data-no-retina>\n<!--\n\t\t\t\t\t\t\t--><a\n\t\t\t\t\t\t\t\tid=\"slider-3-slide-3-layer-3\" \n\t\t\t\t\t\t\t\tclass=\"rs-layer rev-btn\"\n\t\t\t\t\t\t\t\thref=\"https:\/\/app1.claus.co\/clauserp\/ingresar\/\" target=\"_blank\" rel=\"noopener\"\n\t\t\t\t\t\t\t\tdata-type=\"button\"\n\t\t\t\t\t\t\t\tdata-rsp_ch=\"on\"\n\t\t\t\t\t\t\t\tdata-xy=\"x:c;yo:455px;\"\n\t\t\t\t\t\t\t\tdata-text=\"w:normal;s:26;l:30;ls:2;\"\n\t\t\t\t\t\t\t\tdata-dim=\"minh:0,none,none,none;\"\n\t\t\t\t\t\t\t\tdata-padding=\"t:18;r:53;b:18;l:53;\"\n\t\t\t\t\t\t\t\tdata-border=\"bor:30px,30px,30px,30px;\"\n\t\t\t\t\t\t\t\tdata-frame_999=\"o:0;st:w;\"\n\t\t\t\t\t\t\t\tdata-frame_hover=\"c:#000;bgc:#fff;bor:30px,30px,30px,30px;sp:200;\"\n\t\t\t\t\t\t\t\tstyle=\"z-index:8;background-color:#ff3a2d;font-family:Roboto;text-transform:uppercase;\"\n\t\t\t\t\t\t\t>Clic AQUI <i class=\"fa-chevron-right\"><\/i> \n\t\t\t\t\t\t\t<\/a><!--\n\n\t\t\t\t\t\t\t--><rs-layer\n\t\t\t\t\t\t\t\tid=\"slider-3-slide-3-layer-4\" \n\t\t\t\t\t\t\t\tdata-type=\"text\"\n\t\t\t\t\t\t\t\tdata-color=\"#000000\"\n\t\t\t\t\t\t\t\tdata-rsp_ch=\"on\"\n\t\t\t\t\t\t\t\tdata-xy=\"x:c;xo:1px;yo:410px;\"\n\t\t\t\t\t\t\t\tdata-text=\"w:normal;s:28;l:31;ls:1;fw:500;\"\n\t\t\t\t\t\t\t\tdata-dim=\"minh:0,none,none,none;\"\n\t\t\t\t\t\t\t\tdata-frame_999=\"o:0;st:w;\"\n\t\t\t\t\t\t\t\tstyle=\"z-index:10;font-family:Roboto;\"\n\t\t\t\t\t\t\t>Software contable \n\t\t\t\t\t\t\t<\/rs-layer><!--\n\n\t\t\t\t\t\t\t--><rs-layer\n\t\t\t\t\t\t\t\tid=\"slider-3-slide-3-layer-11\" \n\t\t\t\t\t\t\t\tdata-type=\"shape\"\n\t\t\t\t\t\t\t\tdata-rsp_ch=\"on\"\n\t\t\t\t\t\t\t\tdata-xy=\"x:c;yo:405px;\"\n\t\t\t\t\t\t\t\tdata-text=\"w:normal;\"\n\t\t\t\t\t\t\t\tdata-dim=\"w:457px;h:40px;\"\n\t\t\t\t\t\t\t\tdata-frame_999=\"o:0;st:w;\"\n\t\t\t\t\t\t\t\tstyle=\"z-index:9;background-color:#ffffff;\"\n\t\t\t\t\t\t\t> \n\t\t\t\t\t\t\t<\/rs-layer><!--\n-->\t\t\t\t\t\t<\/rs-slide>\n\t\t\t\t\t\t<rs-slide data-key=\"rs-4\" data-title=\"Slide\" data-in=\"o:0;\" data-out=\"a:false;\">\n\t\t\t\t\t\t\t<img loading=\"lazy\" decoding=\"async\" src=\"\/\/asesoriasdye.com.co\/asesorias\/wp-content\/uploads\/2022\/05\/banner1.jpg\" title=\"banner1\" width=\"1900\" height=\"700\" class=\"rev-slidebg tp-rs-img\" data-parallax=\"off\" data-panzoom=\"d:10000;ss:100;se:120;\" data-no-retina>\n<!--\n\t\t\t\t\t\t\t--><rs-layer\n\t\t\t\t\t\t\t\tid=\"slider-3-slide-4-layer-5\" \n\t\t\t\t\t\t\t\tdata-type=\"text\"\n\t\t\t\t\t\t\t\tdata-color=\"#000000\"\n\t\t\t\t\t\t\t\tdata-rsp_ch=\"on\"\n\t\t\t\t\t\t\t\tdata-xy=\"x:c;yo:410px;\"\n\t\t\t\t\t\t\t\tdata-text=\"w:normal;s:28;l:31;ls:1;fw:500;\"\n\t\t\t\t\t\t\t\tdata-dim=\"minh:0,none,none,none;\"\n\t\t\t\t\t\t\t\tdata-frame_999=\"o:0;st:w;\"\n\t\t\t\t\t\t\t\tstyle=\"z-index:10;font-family:Roboto;\"\n\t\t\t\t\t\t\t>Software contable \n\t\t\t\t\t\t\t<\/rs-layer><!--\n\n\t\t\t\t\t\t\t--><a\n\t\t\t\t\t\t\t\tid=\"slider-3-slide-4-layer-6\" \n\t\t\t\t\t\t\t\tclass=\"rs-layer rev-btn\"\n\t\t\t\t\t\t\t\thref=\"https:\/\/app1.claus.co\/clauserp\/ingresar\/\" target=\"_blank\" rel=\"noopener\"\n\t\t\t\t\t\t\t\tdata-type=\"button\"\n\t\t\t\t\t\t\t\tdata-rsp_ch=\"on\"\n\t\t\t\t\t\t\t\tdata-xy=\"x:c;yo:455px;\"\n\t\t\t\t\t\t\t\tdata-text=\"w:normal;s:26;l:30;ls:2;\"\n\t\t\t\t\t\t\t\tdata-dim=\"minh:0,none,none,none;\"\n\t\t\t\t\t\t\t\tdata-padding=\"t:18;r:53;b:18;l:53;\"\n\t\t\t\t\t\t\t\tdata-border=\"bor:30px,30px,30px,30px;\"\n\t\t\t\t\t\t\t\tdata-frame_999=\"o:0;st:w;\"\n\t\t\t\t\t\t\t\tdata-frame_hover=\"c:#000;bgc:#fff;bor:30px,30px,30px,30px;sp:200;\"\n\t\t\t\t\t\t\t\tstyle=\"z-index:8;background-color:#ff3a2d;font-family:Roboto;text-transform:uppercase;\"\n\t\t\t\t\t\t\t>Clic AQUI <i class=\"fa-chevron-right\"><\/i> \n\t\t\t\t\t\t\t<\/a><!--\n\n\t\t\t\t\t\t\t--><rs-layer\n\t\t\t\t\t\t\t\tid=\"slider-3-slide-4-layer-7\" \n\t\t\t\t\t\t\t\tdata-type=\"shape\"\n\t\t\t\t\t\t\t\tdata-rsp_ch=\"on\"\n\t\t\t\t\t\t\t\tdata-xy=\"x:c;yo:405px;\"\n\t\t\t\t\t\t\t\tdata-text=\"w:normal;\"\n\t\t\t\t\t\t\t\tdata-dim=\"w:457px;h:40px;\"\n\t\t\t\t\t\t\t\tdata-frame_999=\"o:0;st:w;\"\n\t\t\t\t\t\t\t\tstyle=\"z-index:9;background-color:#ffffff;\"\n\t\t\t\t\t\t\t> \n\t\t\t\t\t\t\t<\/rs-layer><!--\n-->\t\t\t\t\t\t<\/rs-slide>\n\t\t\t\t\t\t<rs-slide data-key=\"rs-5\" data-title=\"Slide\" data-in=\"o:0;\" data-out=\"a:false;\">\n\t\t\t\t\t\t\t<img loading=\"lazy\" decoding=\"async\" src=\"\/\/asesoriasdye.com.co\/asesorias\/wp-content\/uploads\/2022\/05\/banner3.jpg\" title=\"banner3\" width=\"1900\" height=\"700\" class=\"rev-slidebg tp-rs-img\" data-parallax=\"off\" data-panzoom=\"d:10000;ss:100;se:120;\" data-no-retina>\n<!--\n\t\t\t\t\t\t\t--><rs-layer\n\t\t\t\t\t\t\t\tid=\"slider-3-slide-5-layer-8\" \n\t\t\t\t\t\t\t\tdata-type=\"text\"\n\t\t\t\t\t\t\t\tdata-color=\"#000000\"\n\t\t\t\t\t\t\t\tdata-rsp_ch=\"on\"\n\t\t\t\t\t\t\t\tdata-xy=\"x:c;yo:410px;\"\n\t\t\t\t\t\t\t\tdata-text=\"w:normal;s:28;l:31;ls:1;fw:500;\"\n\t\t\t\t\t\t\t\tdata-dim=\"minh:0,none,none,none;\"\n\t\t\t\t\t\t\t\tdata-frame_999=\"o:0;st:w;\"\n\t\t\t\t\t\t\t\tstyle=\"z-index:10;font-family:Roboto;\"\n\t\t\t\t\t\t\t>Software contable \n\t\t\t\t\t\t\t<\/rs-layer><!--\n\n\t\t\t\t\t\t\t--><a\n\t\t\t\t\t\t\t\tid=\"slider-3-slide-5-layer-9\" \n\t\t\t\t\t\t\t\tclass=\"rs-layer rev-btn\"\n\t\t\t\t\t\t\t\thref=\"https:\/\/app1.claus.co\/clauserp\/ingresar\/\" target=\"_blank\" rel=\"noopener\"\n\t\t\t\t\t\t\t\tdata-type=\"button\"\n\t\t\t\t\t\t\t\tdata-rsp_ch=\"on\"\n\t\t\t\t\t\t\t\tdata-xy=\"x:c;yo:455px;\"\n\t\t\t\t\t\t\t\tdata-text=\"w:normal;s:26;l:30;ls:2;\"\n\t\t\t\t\t\t\t\tdata-dim=\"minh:0,none,none,none;\"\n\t\t\t\t\t\t\t\tdata-padding=\"t:18;r:53;b:18;l:53;\"\n\t\t\t\t\t\t\t\tdata-border=\"bor:30px,30px,30px,30px;\"\n\t\t\t\t\t\t\t\tdata-frame_999=\"o:0;st:w;\"\n\t\t\t\t\t\t\t\tdata-frame_hover=\"c:#000;bgc:#fff;bor:30px,30px,30px,30px;sp:200;\"\n\t\t\t\t\t\t\t\tstyle=\"z-index:8;background-color:#ff3a2d;font-family:Roboto;text-transform:uppercase;\"\n\t\t\t\t\t\t\t>Clic AQUI <i class=\"fa-chevron-right\"><\/i> \n\t\t\t\t\t\t\t<\/a><!--\n\n\t\t\t\t\t\t\t--><rs-layer\n\t\t\t\t\t\t\t\tid=\"slider-3-slide-5-layer-10\" \n\t\t\t\t\t\t\t\tdata-type=\"shape\"\n\t\t\t\t\t\t\t\tdata-rsp_ch=\"on\"\n\t\t\t\t\t\t\t\tdata-xy=\"x:c;yo:405px;\"\n\t\t\t\t\t\t\t\tdata-text=\"w:normal;\"\n\t\t\t\t\t\t\t\tdata-dim=\"w:457px;h:40px;\"\n\t\t\t\t\t\t\t\tdata-frame_999=\"o:0;st:w;\"\n\t\t\t\t\t\t\t\tstyle=\"z-index:9;background-color:#ffffff;\"\n\t\t\t\t\t\t\t> \n\t\t\t\t\t\t\t<\/rs-layer><!--\n-->\t\t\t\t\t\t<\/rs-slide>\n\t\t\t\t\t<\/rs-slides>\n\t\t\t\t<\/rs-module>\n\t\t\t\t<script type=\"text\/javascript\">\n\t\t\t\t\tsetREVStartSize({c: 'rev_slider_3_1',rl:[1240,1024,778,480],el:[700,500,500,500],gw:[1900,1900,1900,1900],gh:[700,700,700,700],type:'standard',justify:'',layout:'fullwidth',mh:\"0\"});\n\t\t\t\t\tvar\trevapi3,\n\t\t\t\t\t\ttpj;\n\t\t\t\t\tfunction revinit_revslider31() {\n\t\t\t\t\tjQuery(function() {\n\t\t\t\t\t\ttpj = jQuery;\n\t\t\t\t\t\trevapi3 = tpj(\"#rev_slider_3_1\");\n\t\t\t\t\t\tif(revapi3==undefined || revapi3.revolution == undefined){\n\t\t\t\t\t\t\trevslider_showDoubleJqueryError(\"rev_slider_3_1\");\n\t\t\t\t\t\t}else{\n\t\t\t\t\t\t\trevapi3.revolution({\n\t\t\t\t\t\t\t\tDPR:\"dpr\",\n\t\t\t\t\t\t\t\tsliderLayout:\"fullwidth\",\n\t\t\t\t\t\t\t\tduration:3000,\n\t\t\t\t\t\t\t\tvisibilityLevels:\"1240,1024,778,480\",\n\t\t\t\t\t\t\t\tgridwidth:\"1900,1900,1900,1900\",\n\t\t\t\t\t\t\t\tgridheight:\"700,700,700,700\",\n\t\t\t\t\t\t\t\tperspective:600,\n\t\t\t\t\t\t\t\tperspectiveType:\"local\",\n\t\t\t\t\t\t\t\teditorheight:\"700,500,500,500\",\n\t\t\t\t\t\t\t\tresponsiveLevels:\"1240,1024,778,480\",\n\t\t\t\t\t\t\t\tprogressBar:{disableProgressBar:true},\n\t\t\t\t\t\t\t\tnavigation: {\n\t\t\t\t\t\t\t\t\tmouseScrollNavigation:false,\n\t\t\t\t\t\t\t\t\twheelCallDelay:1000,\n\t\t\t\t\t\t\t\t\tonHoverStop:false,\n\t\t\t\t\t\t\t\t\ttouch: {\n\t\t\t\t\t\t\t\t\t\ttouchenabled:true,\n\t\t\t\t\t\t\t\t\t\tswipe_min_touches:50\n\t\t\t\t\t\t\t\t\t}\n\t\t\t\t\t\t\t\t},\n\t\t\t\t\t\t\t\tparallax: {\n\t\t\t\t\t\t\t\t\tlevels:[2,3,4,5,6,7,12,16,10,50,47,48,49,50,51,55],\n\t\t\t\t\t\t\t\t\ttype:\"mouse\",\n\t\t\t\t\t\t\t\t\torigo:\"slidercenter\",\n\t\t\t\t\t\t\t\t\tspeed:2000\n\t\t\t\t\t\t\t\t},\n\t\t\t\t\t\t\t\tfallbacks: {\n\t\t\t\t\t\t\t\t\tallowHTML5AutoPlayOnAndroid:true\n\t\t\t\t\t\t\t\t},\n\t\t\t\t\t\t\t});\n\t\t\t\t\t\t}\n\t\t\t\t\t\t\n\t\t\t\t\t});\n\t\t\t\t\t} \/\/ End of RevInitScript\n\t\t\t\tvar once_revslider31 = false;\n\t\t\t\tif (document.readyState === \"loading\") {document.addEventListener('readystatechange',function() { if((document.readyState === \"interactive\" || document.readyState === \"complete\") && !once_revslider31 ) { once_revslider31 = true; revinit_revslider31();}});} else {once_revslider31 = true; revinit_revslider31();}\n\t\t\t\t<\/script>\n\t\t\t<\/rs-module-wrap>\n\t\t\t<!-- END REVOLUTION SLIDER -->\n[\/vc_column][\/vc_row][vc_row][vc_column][vc_empty_space][vc_column_text]<\/p>\n<h2 style=\"text-align: center;\"><b>OFICINA VIRTUAL OPERATIVA<\/b><\/h2>\n<p style=\"text-align: justify;\"><b>Ahora nuestra firma paso a ser digital<\/b>, en apoyo a la Ley 1221 de 2008, el Teletrabajo se define como una forma de organizaci\u00f3n laboral, que consiste en el desempe\u00f1o de actividades remuneradas o prestaci\u00f3n de servicios a terceros, clientes y usuarios que demandan un bien o servicio, utilizando como soporte las tecnolog\u00edas de la informaci\u00f3n y la comunicaci\u00f3n &#8211; TIC para el contacto entre el trabajador y la empresa, sin requerirse la presencia f\u00edsica del trabajador en un sitio espec\u00edfico de trabajo.<\/p>\n<p>[\/vc_column_text][\/vc_column][\/vc_row][vc_row full_width=\u00bbstretch_row\u00bb content_placement=\u00bbmiddle\u00bb css=\u00bb.vc_custom_1652114060721{background-color: #f7f7f7 !important;}\u00bb][vc_column width=\u00bb1\/2&#8243;][vc_column_text]<\/p>\n<p><img loading=\"lazy\" decoding=\"async\" class=\"aligncenter wp-image-668\" src=\"https:\/\/asesoriasdye.com.co\/asesorias\/wp-content\/uploads\/2022\/05\/vwv.jpg\" alt=\"\" width=\"345\" height=\"445\" srcset=\"https:\/\/asesoriasdye.com.co\/asesorias\/wp-content\/uploads\/2022\/05\/vwv.jpg 426w, https:\/\/asesoriasdye.com.co\/asesorias\/wp-content\/uploads\/2022\/05\/vwv-233x300.jpg 233w\" sizes=\"auto, (max-width: 345px) 100vw, 345px\" \/>[\/vc_column_text][\/vc_column][vc_column width=\u00bb1\/2&#8243; css=\u00bb.vc_custom_1652114051225{background-color: #ffffff !important;}\u00bb][vc_column_text]<\/p>\n<p><b><img loading=\"lazy\" decoding=\"async\" class=\"alignnone wp-image-679\" src=\"https:\/\/asesoriasdye.com.co\/asesorias\/wp-content\/uploads\/2022\/05\/CORREO1.png\" alt=\"\" width=\"39\" height=\"26\" \/> director@asesoriasdye.com.co<\/b>[\/vc_column_text]\n<div class=\"wpcf7 no-js\" id=\"wpcf7-f204-o1\" lang=\"es-ES\" dir=\"ltr\" data-wpcf7-id=\"204\">\n<div class=\"screen-reader-response\"><p role=\"status\" aria-live=\"polite\" aria-atomic=\"true\"><\/p> <ul><\/ul><\/div>\n<form action=\"\/asesorias\/wp-json\/wp\/v2\/pages\/672#wpcf7-f204-o1\" method=\"post\" class=\"wpcf7-form init\" aria-label=\"Formulario de contacto\" enctype=\"multipart\/form-data\" novalidate=\"novalidate\" data-status=\"init\">\n<fieldset class=\"hidden-fields-container\"><input type=\"hidden\" name=\"_wpcf7\" value=\"204\" \/><input type=\"hidden\" name=\"_wpcf7_version\" value=\"6.1.5\" \/><input type=\"hidden\" name=\"_wpcf7_locale\" value=\"es_ES\" \/><input type=\"hidden\" name=\"_wpcf7_unit_tag\" value=\"wpcf7-f204-o1\" \/><input type=\"hidden\" name=\"_wpcf7_container_post\" value=\"0\" \/><input type=\"hidden\" name=\"_wpcf7_posted_data_hash\" value=\"\" \/><input type=\"hidden\" name=\"_wpcf7_recaptcha_response\" value=\"\" \/>\n<\/fieldset>\n<h5><label>Asunto<\/label>\n<\/h5>\n<p><span class=\"wpcf7-form-control-wrap\" data-name=\"Dependencia\"><span class=\"wpcf7-form-control wpcf7-radio\"><span class=\"wpcf7-list-item first\"><span class=\"wpcf7-list-item-label\">Servicio al cliente<\/span><input type=\"radio\" name=\"Dependencia\" value=\"Servicio al cliente\" checked=\"checked\" \/><\/span><span class=\"wpcf7-list-item\"><span class=\"wpcf7-list-item-label\">Soporte<\/span><input type=\"radio\" name=\"Dependencia\" value=\"Soporte\" \/><\/span><span class=\"wpcf7-list-item last\"><span class=\"wpcf7-list-item-label\">PQR<\/span><input type=\"radio\" name=\"Dependencia\" value=\"PQR\" \/><\/span><\/span><\/span>\n<\/p>\n<h5>Correo electr\u00f3nico\n<\/h5>\n<p><label><span class=\"wpcf7-form-control-wrap\" data-name=\"email-112\"><input size=\"40\" maxlength=\"400\" class=\"wpcf7-form-control wpcf7-email wpcf7-validates-as-required wpcf7-text wpcf7-validates-as-email\" aria-required=\"true\" aria-invalid=\"false\" value=\"\" type=\"email\" name=\"email-112\" \/><\/span> <\/label>\n<\/p>\n<h5><label> Archivo adjunto solo en PDF<\/label>\n<\/h5>\n<p><label><span class=\"wpcf7-form-control-wrap\" data-name=\"Archivoadjunto\"><input size=\"40\" class=\"wpcf7-form-control wpcf7-file wpcf7-validates-as-required\" accept=\"audio\/*,video\/*,image\/*\" aria-required=\"true\" aria-invalid=\"false\" type=\"file\" name=\"Archivoadjunto\" \/><\/span> <\/label>\n<\/p>\n<h5><label> Su Mensaje<\/label>\n<\/h5>\n<p><label><span class=\"wpcf7-form-control-wrap\" data-name=\"your-message\"><textarea cols=\"40\" rows=\"3\" maxlength=\"1000\" class=\"wpcf7-form-control wpcf7-textarea\" aria-invalid=\"false\" name=\"your-message\"><\/textarea><\/span> <\/label>\n<\/p>\n<p><input class=\"wpcf7-form-control wpcf7-submit has-spinner\" type=\"submit\" value=\"ENVIAR FORMULARIO\" \/>\n<\/p><div class=\"wpcf7-response-output\" aria-hidden=\"true\"><\/div>\n<\/form>\n<\/div>\n[vc_empty_space][\/vc_column][\/vc_row]<\/p>\n","protected":false},"excerpt":{"rendered":"<p>[vc_row css=\u00bb.vc_custom_1652114161513{margin-top: -70px !important;}\u00bb][vc_column][\/vc_column][\/vc_row][vc_row][vc_column][vc_empty_space][vc_column_text] OFICINA VIRTUAL OPERATIVA Ahora nuestra firma paso a ser digital, en apoyo a la Ley 1221 de 2008, el Teletrabajo se define como una forma de organizaci\u00f3n laboral, que consiste en el desempe\u00f1o de actividades remuneradas o prestaci\u00f3n de servicios a terceros, clientes y usuarios que demandan un bien o servicio,&hellip;<\/p>\n","protected":false},"author":3,"featured_media":0,"parent":0,"menu_order":0,"comment_status":"closed","ping_status":"closed","template":"","meta":{"_joinchat":[]},"class_list":["post-672","page","type-page","status-publish","hentry","description-off"],"_links":{"self":[{"href":"https:\/\/asesoriasdye.com.co\/asesorias\/wp-json\/wp\/v2\/pages\/672","targetHints":{"allow":["GET"]}}],"collection":[{"href":"https:\/\/asesoriasdye.com.co\/asesorias\/wp-json\/wp\/v2\/pages"}],"about":[{"href":"https:\/\/asesoriasdye.com.co\/asesorias\/wp-json\/wp\/v2\/types\/page"}],"author":[{"embeddable":true,"href":"https:\/\/asesoriasdye.com.co\/asesorias\/wp-json\/wp\/v2\/users\/3"}],"replies":[{"embeddable":true,"href":"https:\/\/asesoriasdye.com.co\/asesorias\/wp-json\/wp\/v2\/comments?post=672"}],"version-history":[{"count":16,"href":"https:\/\/asesoriasdye.com.co\/asesorias\/wp-json\/wp\/v2\/pages\/672\/revisions"}],"predecessor-version":[{"id":692,"href":"https:\/\/asesoriasdye.com.co\/asesorias\/wp-json\/wp\/v2\/pages\/672\/revisions\/692"}],"wp:attachment":[{"href":"https:\/\/asesoriasdye.com.co\/asesorias\/wp-json\/wp\/v2\/media?parent=672"}],"curies":[{"name":"wp","href":"https:\/\/api.w.org\/{rel}","templated":true}]}}