{"id":695,"date":"2022-05-27T16:08:49","date_gmt":"2022-05-27T16:08:49","guid":{"rendered":"https:\/\/asesoriasdye.com.co\/asesorias\/?page_id=695"},"modified":"2022-05-27T16:09:23","modified_gmt":"2022-05-27T16:09:23","slug":"servicio-de-outsourcing","status":"publish","type":"page","link":"https:\/\/asesoriasdye.com.co\/asesorias\/servicio-de-outsourcing\/","title":{"rendered":"Servicio de Outsourcing"},"content":{"rendered":"<p>[vc_row content_placement=\u00bbmiddle\u00bb][vc_column width=\u00bb1\/2&#8243;][vc_column_text]Nuestra firma le ofrece el servicio de outsourcing en materia contable y tributaria para su empresa, negocio o emprendimiento, utilizando como soporte las tecnolog\u00edas de la informaci\u00f3n y la comunicaci\u00f3n \u2013 TIC; contamos con software contable adaptado a los est\u00e1ndares internacionales NIIF, norma fiscal y tributaria. Somos sus aliados y le brindamos acompa\u00f1amiento a trav\u00e9s de nuestro equipo profesional.[\/vc_column_text][vc_column_text]<\/p>\n<ul>\n<li>Presentaci\u00f3n declaraciones de Iva de acuerdo al periodo de responsabilidad<\/li>\n<li>Presentaci\u00f3n declaraci\u00f3n retenci\u00f3n en la fuente mensual.<\/li>\n<li>Elaboraci\u00f3n y reporte de informaci\u00f3n ex\u00f3gena Dian<\/li>\n<li>Implementaci\u00f3n centros de costos<\/li>\n<li>Constituci\u00f3n de sociedades.<\/li>\n<li>Renovaci\u00f3n ante c\u00e1mara de comercio<\/li>\n<li>Revisor\u00eda fiscal<\/li>\n<li>Auditoria forense \u2013 Control interno y Auditoria financiera externa<\/li>\n<li>Implementaci\u00f3n facturaci\u00f3n electr\u00f3nica y documento soporte<\/li>\n<li>Nomina Electr\u00f3nica<\/li>\n<li>Liquidaci\u00f3n de prestaciones sociales<\/li>\n<li>Tramites de inscripci\u00f3n y renovaci\u00f3n de Proponentes para contrataci\u00f3n estatal<\/li>\n<li>Reporte a SuperSociedades \u2013 Supersalud &#8211; Informes chip Contralor\u00eda<\/li>\n<li>Declaraciones de rentas para entidades jur\u00eddicas.<\/li>\n<li>Declaraciones Impuestos Municipales.<\/li>\n<li>Tramites solicitud saldos a favor ante la Dian<\/li>\n<li>Reporte informe de conciliaci\u00f3n contable y fiscal.<\/li>\n<li>Apoyamos al contribuyente frente a controversias por requerimientos de la Dian<\/li>\n<li>Solicitud de permanencia r\u00e9gimen tributario especial \u2013 Actualizaci\u00f3n y Calificaci\u00f3n<\/li>\n<\/ul>\n<p>[\/vc_column_text][\/vc_column][vc_column width=\u00bb1\/2&#8243;][vc_column_text]<img loading=\"lazy\" decoding=\"async\" class=\"alignnone size-full wp-image-696\" src=\"https:\/\/asesoriasdye.com.co\/asesorias\/wp-content\/uploads\/2022\/05\/sdvwvw.jpg\" alt=\"\" width=\"596\" height=\"363\" srcset=\"https:\/\/asesoriasdye.com.co\/asesorias\/wp-content\/uploads\/2022\/05\/sdvwvw.jpg 596w, https:\/\/asesoriasdye.com.co\/asesorias\/wp-content\/uploads\/2022\/05\/sdvwvw-300x183.jpg 300w\" sizes=\"auto, (max-width: 596px) 100vw, 596px\" \/>email: <a href=\"mailto:director@asesoriasdye.com.co\">director@asesoriasdye.com.co<\/a><\/p>\n<p><img loading=\"lazy\" decoding=\"async\" class=\"alignnone wp-image-668\" src=\"https:\/\/asesoriasdye.com.co\/asesorias\/wp-content\/uploads\/2022\/05\/vwv.jpg\" alt=\"\" width=\"258\" height=\"333\" srcset=\"https:\/\/asesoriasdye.com.co\/asesorias\/wp-content\/uploads\/2022\/05\/vwv.jpg 426w, https:\/\/asesoriasdye.com.co\/asesorias\/wp-content\/uploads\/2022\/05\/vwv-233x300.jpg 233w\" sizes=\"auto, (max-width: 258px) 100vw, 258px\" \/>[\/vc_column_text][\/vc_column][\/vc_row][vc_row][vc_column][vc_column_text]<\/p>\n<h3 style=\"text-align: center;\">Somos su equipo de apoyo y le asistimos en cualquier \u00e1rea; contamos con personal id\u00f3neo y calificada experiencia.<\/h3>\n<p>[\/vc_column_text][\/vc_column][\/vc_row]<\/p>\n","protected":false},"excerpt":{"rendered":"<p>[vc_row content_placement=\u00bbmiddle\u00bb][vc_column width=\u00bb1\/2&#8243;][vc_column_text]Nuestra firma le ofrece el servicio de outsourcing en materia contable y tributaria para su empresa, negocio o emprendimiento, utilizando como soporte las tecnolog\u00edas de la informaci\u00f3n y la comunicaci\u00f3n \u2013 TIC; contamos con software contable adaptado a los est\u00e1ndares internacionales NIIF, norma fiscal y tributaria. Somos sus aliados y le brindamos acompa\u00f1amiento&hellip;<\/p>\n","protected":false},"author":3,"featured_media":0,"parent":0,"menu_order":0,"comment_status":"closed","ping_status":"closed","template":"","meta":{"_joinchat":[]},"class_list":["post-695","page","type-page","status-publish","hentry","description-off"],"_links":{"self":[{"href":"https:\/\/asesoriasdye.com.co\/asesorias\/wp-json\/wp\/v2\/pages\/695","targetHints":{"allow":["GET"]}}],"collection":[{"href":"https:\/\/asesoriasdye.com.co\/asesorias\/wp-json\/wp\/v2\/pages"}],"about":[{"href":"https:\/\/asesoriasdye.com.co\/asesorias\/wp-json\/wp\/v2\/types\/page"}],"author":[{"embeddable":true,"href":"https:\/\/asesoriasdye.com.co\/asesorias\/wp-json\/wp\/v2\/users\/3"}],"replies":[{"embeddable":true,"href":"https:\/\/asesoriasdye.com.co\/asesorias\/wp-json\/wp\/v2\/comments?post=695"}],"version-history":[{"count":2,"href":"https:\/\/asesoriasdye.com.co\/asesorias\/wp-json\/wp\/v2\/pages\/695\/revisions"}],"predecessor-version":[{"id":698,"href":"https:\/\/asesoriasdye.com.co\/asesorias\/wp-json\/wp\/v2\/pages\/695\/revisions\/698"}],"wp:attachment":[{"href":"https:\/\/asesoriasdye.com.co\/asesorias\/wp-json\/wp\/v2\/media?parent=695"}],"curies":[{"name":"wp","href":"https:\/\/api.w.org\/{rel}","templated":true}]}}